{"id":2650,"date":"2024-03-12T13:43:29","date_gmt":"2024-03-12T05:43:29","guid":{"rendered":"https:\/\/www.yifang-outdoors.com\/?post_type=product&#038;p=2650"},"modified":"2024-03-12T13:43:30","modified_gmt":"2024-03-12T05:43:30","slug":"mochila-impermeable-portatil-mochila-impermeable-escolar-mochila-impermeable-plegable-industria-manufacturera","status":"publish","type":"product","link":"https:\/\/www.yifang-outdoors.com\/ru\/product\/mochila-impermeable-portatil-mochila-impermeable-escolar-mochila-impermeable-plegable-industria-manufacturera","title":{"rendered":"mochila impermeable portatil mochila impermeable escolar mochila impermeable plegable Industria manufacturera"},"content":{"rendered":"<p><img loading=\"lazy\" decoding=\"async\" class=\"aligncenter size-full wp-image-2651\" src=\"https:\/\/www.yifang-outdoors.com\/wp-content\/uploads\/2024\/03\/O1CN01CPhqyJ29cohS0B4Pv_2216170228089-0-cib.jpg\" alt=\"\" width=\"1500\" height=\"1500\" srcset=\"https:\/\/www.yifang-outdoors.com\/wp-content\/uploads\/2024\/03\/O1CN01CPhqyJ29cohS0B4Pv_2216170228089-0-cib.jpg 1500w, https:\/\/www.yifang-outdoors.com\/wp-content\/uploads\/2024\/03\/O1CN01CPhqyJ29cohS0B4Pv_2216170228089-0-cib-300x300.jpg 300w, https:\/\/www.yifang-outdoors.com\/wp-content\/uploads\/2024\/03\/O1CN01CPhqyJ29cohS0B4Pv_2216170228089-0-cib-1024x1024.jpg 1024w, https:\/\/www.yifang-outdoors.com\/wp-content\/uploads\/2024\/03\/O1CN01CPhqyJ29cohS0B4Pv_2216170228089-0-cib-150x150.jpg 150w, https:\/\/www.yifang-outdoors.com\/wp-content\/uploads\/2024\/03\/O1CN01CPhqyJ29cohS0B4Pv_2216170228089-0-cib-768x768.jpg 768w, https:\/\/www.yifang-outdoors.com\/wp-content\/uploads\/2024\/03\/O1CN01CPhqyJ29cohS0B4Pv_2216170228089-0-cib-1320x1320.jpg 1320w, https:\/\/www.yifang-outdoors.com\/wp-content\/uploads\/2024\/03\/O1CN01CPhqyJ29cohS0B4Pv_2216170228089-0-cib-600x600.jpg 600w, https:\/\/www.yifang-outdoors.com\/wp-content\/uploads\/2024\/03\/O1CN01CPhqyJ29cohS0B4Pv_2216170228089-0-cib-100x100.jpg 100w\" sizes=\"(max-width: 1500px) 100vw, 1500px\" \/> <img loading=\"lazy\" decoding=\"async\" class=\"aligncenter size-full wp-image-2655\" src=\"https:\/\/www.yifang-outdoors.com\/wp-content\/uploads\/2024\/03\/O1CN013UVAGP29cohRztXxG_2216170228089-0-cib.jpg\" alt=\"\" width=\"800\" height=\"800\" srcset=\"https:\/\/www.yifang-outdoors.com\/wp-content\/uploads\/2024\/03\/O1CN013UVAGP29cohRztXxG_2216170228089-0-cib.jpg 800w, https:\/\/www.yifang-outdoors.com\/wp-content\/uploads\/2024\/03\/O1CN013UVAGP29cohRztXxG_2216170228089-0-cib-300x300.jpg 300w, https:\/\/www.yifang-outdoors.com\/wp-content\/uploads\/2024\/03\/O1CN013UVAGP29cohRztXxG_2216170228089-0-cib-150x150.jpg 150w, https:\/\/www.yifang-outdoors.com\/wp-content\/uploads\/2024\/03\/O1CN013UVAGP29cohRztXxG_2216170228089-0-cib-768x768.jpg 768w, https:\/\/www.yifang-outdoors.com\/wp-content\/uploads\/2024\/03\/O1CN013UVAGP29cohRztXxG_2216170228089-0-cib-600x600.jpg 600w, https:\/\/www.yifang-outdoors.com\/wp-content\/uploads\/2024\/03\/O1CN013UVAGP29cohRztXxG_2216170228089-0-cib-100x100.jpg 100w\" sizes=\"(max-width: 800px) 100vw, 800px\" \/> <img loading=\"lazy\" decoding=\"async\" class=\"aligncenter size-full wp-image-2653\" src=\"https:\/\/www.yifang-outdoors.com\/wp-content\/uploads\/2024\/03\/O1CN01ydczaq29cohTAzazD_2216170228089-0-cib.jpg\" alt=\"\" width=\"1500\" height=\"1500\" srcset=\"https:\/\/www.yifang-outdoors.com\/wp-content\/uploads\/2024\/03\/O1CN01ydczaq29cohTAzazD_2216170228089-0-cib.jpg 1500w, https:\/\/www.yifang-outdoors.com\/wp-content\/uploads\/2024\/03\/O1CN01ydczaq29cohTAzazD_2216170228089-0-cib-300x300.jpg 300w, https:\/\/www.yifang-outdoors.com\/wp-content\/uploads\/2024\/03\/O1CN01ydczaq29cohTAzazD_2216170228089-0-cib-1024x1024.jpg 1024w, https:\/\/www.yifang-outdoors.com\/wp-content\/uploads\/2024\/03\/O1CN01ydczaq29cohTAzazD_2216170228089-0-cib-150x150.jpg 150w, https:\/\/www.yifang-outdoors.com\/wp-content\/uploads\/2024\/03\/O1CN01ydczaq29cohTAzazD_2216170228089-0-cib-768x768.jpg 768w, https:\/\/www.yifang-outdoors.com\/wp-content\/uploads\/2024\/03\/O1CN01ydczaq29cohTAzazD_2216170228089-0-cib-1320x1320.jpg 1320w, https:\/\/www.yifang-outdoors.com\/wp-content\/uploads\/2024\/03\/O1CN01ydczaq29cohTAzazD_2216170228089-0-cib-600x600.jpg 600w, https:\/\/www.yifang-outdoors.com\/wp-content\/uploads\/2024\/03\/O1CN01ydczaq29cohTAzazD_2216170228089-0-cib-100x100.jpg 100w\" sizes=\"(max-width: 1500px) 100vw, 1500px\" \/> <img loading=\"lazy\" decoding=\"async\" class=\"aligncenter size-full wp-image-2652\" src=\"https:\/\/www.yifang-outdoors.com\/wp-content\/uploads\/2024\/03\/O1CN01FSFIMo29cohR7gnOX_2216170228089-0-cib.jpg\" alt=\"\" width=\"800\" height=\"800\" srcset=\"https:\/\/www.yifang-outdoors.com\/wp-content\/uploads\/2024\/03\/O1CN01FSFIMo29cohR7gnOX_2216170228089-0-cib.jpg 800w, https:\/\/www.yifang-outdoors.com\/wp-content\/uploads\/2024\/03\/O1CN01FSFIMo29cohR7gnOX_2216170228089-0-cib-300x300.jpg 300w, https:\/\/www.yifang-outdoors.com\/wp-content\/uploads\/2024\/03\/O1CN01FSFIMo29cohR7gnOX_2216170228089-0-cib-150x150.jpg 150w, https:\/\/www.yifang-outdoors.com\/wp-content\/uploads\/2024\/03\/O1CN01FSFIMo29cohR7gnOX_2216170228089-0-cib-768x768.jpg 768w, https:\/\/www.yifang-outdoors.com\/wp-content\/uploads\/2024\/03\/O1CN01FSFIMo29cohR7gnOX_2216170228089-0-cib-600x600.jpg 600w, https:\/\/www.yifang-outdoors.com\/wp-content\/uploads\/2024\/03\/O1CN01FSFIMo29cohR7gnOX_2216170228089-0-cib-100x100.jpg 100w\" sizes=\"(max-width: 800px) 100vw, 800px\" \/> <img loading=\"lazy\" decoding=\"async\" class=\"aligncenter size-full wp-image-2654\" src=\"https:\/\/www.yifang-outdoors.com\/wp-content\/uploads\/2024\/03\/O1CN01yTdff829cohgojC6w_2216170228089-0-cib.jpg\" alt=\"\" width=\"800\" height=\"800\" srcset=\"https:\/\/www.yifang-outdoors.com\/wp-content\/uploads\/2024\/03\/O1CN01yTdff829cohgojC6w_2216170228089-0-cib.jpg 800w, https:\/\/www.yifang-outdoors.com\/wp-content\/uploads\/2024\/03\/O1CN01yTdff829cohgojC6w_2216170228089-0-cib-300x300.jpg 300w, https:\/\/www.yifang-outdoors.com\/wp-content\/uploads\/2024\/03\/O1CN01yTdff829cohgojC6w_2216170228089-0-cib-150x150.jpg 150w, https:\/\/www.yifang-outdoors.com\/wp-content\/uploads\/2024\/03\/O1CN01yTdff829cohgojC6w_2216170228089-0-cib-768x768.jpg 768w, https:\/\/www.yifang-outdoors.com\/wp-content\/uploads\/2024\/03\/O1CN01yTdff829cohgojC6w_2216170228089-0-cib-600x600.jpg 600w, https:\/\/www.yifang-outdoors.com\/wp-content\/uploads\/2024\/03\/O1CN01yTdff829cohgojC6w_2216170228089-0-cib-100x100.jpg 100w\" sizes=\"(max-width: 800px) 100vw, 800px\" \/><\/p>\n","protected":false},"excerpt":{"rendered":"<h1><span style=\"color: #ff0000;\"><strong>Customized pricing\uff1a$15.36-$17.39<\/strong><\/span><\/h1>\n<h6>Esta bolsa impermeable t\u00e1ctica de PVC duradera y respetuosa con el medio ambiente se puede utilizar en diferentes entornos impermeables, a prueba de nieve y antiincrustantes, as\u00ed como en varios deportes al aire libre, como picnics familiares, nataci\u00f3n al aire libre, pesca al aire libre, Fitness y senderismo al aire libre, y tiene suficiente espacio para todo tipo de necesidades. Es un producto imprescindible para los atletas al aire libre y tiene una amplia gama de clientes. Esta es una mochila impermeable muy popular.<br \/>\nModelo: W &#8211; 223<br \/>\nOpciones de color: todos los colores Pantone<br \/>\nSelecci\u00f3n de tama\u00f1o: 20 * 30 * 40 * 50 * 60l. P\u00f3ngase en contacto con nosotros para personalizar el tama\u00f1o.<br \/>\nMaterial: PVC<br \/>\n<span style=\"color: #0000ff;\">Precio: f\u00e1brica con precios muy favorables (p\u00f3ngase en contacto con nosotros para la oferta espec\u00edfica): tansisi521@gmail.com<\/span><br \/>\nLogotipo personalizado \/ odm: soporte<br \/>\nDise\u00f1o personalizado \/ oem: soporte<br \/>\n<span style=\"color: #0000ff;\">N\u00famero m\u00ednimo de pedidos: 100<\/span><br \/>\n\u00bf\u00bf tienes tu propio dise\u00f1o, boceto o concepto?<br \/>\nP\u00f3ngase en contacto con nosotros de inmediato: tansisi521@gmail.com<br \/>\n<span style=\"color: #0000ff;\">O llame al + 86136062600790<\/span><br \/>\nComience a dise\u00f1ar su mochila impermeable personalizada<\/h6>\n","protected":false},"featured_media":2651,"comment_status":"closed","ping_status":"closed","template":"","meta":{"_kad_post_transparent":"default","_kad_post_title":"","_kad_post_layout":"default","_kad_post_sidebar_id":"","_kad_post_content_style":"default","_kad_post_vertical_padding":"default","_kad_post_feature":"","_kad_post_feature_position":"","_kad_post_header":false,"_kad_post_footer":false},"product_cat":[20],"product_tag":[524,525,523],"translation":{"provider":"WPGlobus","version":"2.12.2","language":"ru","enabled_languages":["en","es","de","fr","ru"],"languages":{"en":{"title":true,"content":true,"excerpt":true},"es":{"title":false,"content":false,"excerpt":false},"de":{"title":false,"content":false,"excerpt":false},"fr":{"title":false,"content":false,"excerpt":false},"ru":{"title":false,"content":false,"excerpt":false}}},"jetpack_sharing_enabled":true,"_links":{"self":[{"href":"https:\/\/www.yifang-outdoors.com\/ru\/wp-json\/wp\/v2\/product\/2650"}],"collection":[{"href":"https:\/\/www.yifang-outdoors.com\/ru\/wp-json\/wp\/v2\/product"}],"about":[{"href":"https:\/\/www.yifang-outdoors.com\/ru\/wp-json\/wp\/v2\/types\/product"}],"replies":[{"embeddable":true,"href":"https:\/\/www.yifang-outdoors.com\/ru\/wp-json\/wp\/v2\/comments?post=2650"}],"wp:featuredmedia":[{"embeddable":true,"href":"https:\/\/www.yifang-outdoors.com\/ru\/wp-json\/wp\/v2\/media\/2651"}],"wp:attachment":[{"href":"https:\/\/www.yifang-outdoors.com\/ru\/wp-json\/wp\/v2\/media?parent=2650"}],"wp:term":[{"taxonomy":"product_cat","embeddable":true,"href":"https:\/\/www.yifang-outdoors.com\/ru\/wp-json\/wp\/v2\/product_cat?post=2650"},{"taxonomy":"product_tag","embeddable":true,"href":"https:\/\/www.yifang-outdoors.com\/ru\/wp-json\/wp\/v2\/product_tag?post=2650"}],"curies":[{"name":"wp","href":"https:\/\/api.w.org\/{rel}","templated":true}]}}