{"id":2649,"date":"2024-03-12T13:35:24","date_gmt":"2024-03-12T05:35:24","guid":{"rendered":"https:\/\/www.yifang-outdoors.com\/?post_type=product&#038;p=2649"},"modified":"2024-03-12T13:36:45","modified_gmt":"2024-03-12T05:36:45","slug":"bolsa-trasera-de-motocicleta-impermeable-bolsa-anticolision-de-motocicleta-bolsa-impermeable-bolsa-seca-de-motocicleta-fabricante-impermeable","status":"publish","type":"product","link":"https:\/\/www.yifang-outdoors.com\/ru\/product\/bolsa-trasera-de-motocicleta-impermeable-bolsa-anticolision-de-motocicleta-bolsa-impermeable-bolsa-seca-de-motocicleta-fabricante-impermeable","title":{"rendered":"Bolsa trasera de motocicleta impermeable bolsa anticolisi\u00f3n de motocicleta bolsa impermeable bolsa seca de motocicleta fabricante impermeable"},"content":{"rendered":"<p><img loading=\"lazy\" decoding=\"async\" class=\"aligncenter size-full wp-image-2643\" src=\"https:\/\/www.yifang-outdoors.com\/wp-content\/uploads\/2024\/03\/O1CN01B3Tw2j29cohMEdzkv_2216170228089-0-cib.jpg\" alt=\"\" width=\"800\" height=\"800\" srcset=\"https:\/\/www.yifang-outdoors.com\/wp-content\/uploads\/2024\/03\/O1CN01B3Tw2j29cohMEdzkv_2216170228089-0-cib.jpg 800w, https:\/\/www.yifang-outdoors.com\/wp-content\/uploads\/2024\/03\/O1CN01B3Tw2j29cohMEdzkv_2216170228089-0-cib-300x300.jpg 300w, https:\/\/www.yifang-outdoors.com\/wp-content\/uploads\/2024\/03\/O1CN01B3Tw2j29cohMEdzkv_2216170228089-0-cib-150x150.jpg 150w, https:\/\/www.yifang-outdoors.com\/wp-content\/uploads\/2024\/03\/O1CN01B3Tw2j29cohMEdzkv_2216170228089-0-cib-768x768.jpg 768w, https:\/\/www.yifang-outdoors.com\/wp-content\/uploads\/2024\/03\/O1CN01B3Tw2j29cohMEdzkv_2216170228089-0-cib-600x600.jpg 600w, https:\/\/www.yifang-outdoors.com\/wp-content\/uploads\/2024\/03\/O1CN01B3Tw2j29cohMEdzkv_2216170228089-0-cib-100x100.jpg 100w\" sizes=\"(max-width: 800px) 100vw, 800px\" \/> <img loading=\"lazy\" decoding=\"async\" class=\"aligncenter size-full wp-image-2647\" src=\"https:\/\/www.yifang-outdoors.com\/wp-content\/uploads\/2024\/03\/O1CN01VHYz8L29cohSMUZzS_2216170228089-0-cib.jpg\" alt=\"\" width=\"800\" height=\"800\" srcset=\"https:\/\/www.yifang-outdoors.com\/wp-content\/uploads\/2024\/03\/O1CN01VHYz8L29cohSMUZzS_2216170228089-0-cib.jpg 800w, https:\/\/www.yifang-outdoors.com\/wp-content\/uploads\/2024\/03\/O1CN01VHYz8L29cohSMUZzS_2216170228089-0-cib-300x300.jpg 300w, https:\/\/www.yifang-outdoors.com\/wp-content\/uploads\/2024\/03\/O1CN01VHYz8L29cohSMUZzS_2216170228089-0-cib-150x150.jpg 150w, https:\/\/www.yifang-outdoors.com\/wp-content\/uploads\/2024\/03\/O1CN01VHYz8L29cohSMUZzS_2216170228089-0-cib-768x768.jpg 768w, https:\/\/www.yifang-outdoors.com\/wp-content\/uploads\/2024\/03\/O1CN01VHYz8L29cohSMUZzS_2216170228089-0-cib-600x600.jpg 600w, https:\/\/www.yifang-outdoors.com\/wp-content\/uploads\/2024\/03\/O1CN01VHYz8L29cohSMUZzS_2216170228089-0-cib-100x100.jpg 100w\" sizes=\"(max-width: 800px) 100vw, 800px\" \/> <img loading=\"lazy\" decoding=\"async\" class=\"aligncenter size-full wp-image-2645\" src=\"https:\/\/www.yifang-outdoors.com\/wp-content\/uploads\/2024\/03\/O1CN01jOhQE229cohQqpytE_2216170228089-0-cib.jpg\" alt=\"\" width=\"800\" height=\"800\" srcset=\"https:\/\/www.yifang-outdoors.com\/wp-content\/uploads\/2024\/03\/O1CN01jOhQE229cohQqpytE_2216170228089-0-cib.jpg 800w, https:\/\/www.yifang-outdoors.com\/wp-content\/uploads\/2024\/03\/O1CN01jOhQE229cohQqpytE_2216170228089-0-cib-300x300.jpg 300w, https:\/\/www.yifang-outdoors.com\/wp-content\/uploads\/2024\/03\/O1CN01jOhQE229cohQqpytE_2216170228089-0-cib-150x150.jpg 150w, https:\/\/www.yifang-outdoors.com\/wp-content\/uploads\/2024\/03\/O1CN01jOhQE229cohQqpytE_2216170228089-0-cib-768x768.jpg 768w, https:\/\/www.yifang-outdoors.com\/wp-content\/uploads\/2024\/03\/O1CN01jOhQE229cohQqpytE_2216170228089-0-cib-600x600.jpg 600w, https:\/\/www.yifang-outdoors.com\/wp-content\/uploads\/2024\/03\/O1CN01jOhQE229cohQqpytE_2216170228089-0-cib-100x100.jpg 100w\" sizes=\"(max-width: 800px) 100vw, 800px\" \/> <img loading=\"lazy\" decoding=\"async\" class=\"aligncenter size-full wp-image-2644\" src=\"https:\/\/www.yifang-outdoors.com\/wp-content\/uploads\/2024\/03\/O1CN01GpN6tc29cohOUo1Nn_2216170228089-0-cib.jpg\" alt=\"\" width=\"800\" height=\"800\" srcset=\"https:\/\/www.yifang-outdoors.com\/wp-content\/uploads\/2024\/03\/O1CN01GpN6tc29cohOUo1Nn_2216170228089-0-cib.jpg 800w, https:\/\/www.yifang-outdoors.com\/wp-content\/uploads\/2024\/03\/O1CN01GpN6tc29cohOUo1Nn_2216170228089-0-cib-300x300.jpg 300w, https:\/\/www.yifang-outdoors.com\/wp-content\/uploads\/2024\/03\/O1CN01GpN6tc29cohOUo1Nn_2216170228089-0-cib-150x150.jpg 150w, https:\/\/www.yifang-outdoors.com\/wp-content\/uploads\/2024\/03\/O1CN01GpN6tc29cohOUo1Nn_2216170228089-0-cib-768x768.jpg 768w, https:\/\/www.yifang-outdoors.com\/wp-content\/uploads\/2024\/03\/O1CN01GpN6tc29cohOUo1Nn_2216170228089-0-cib-600x600.jpg 600w, https:\/\/www.yifang-outdoors.com\/wp-content\/uploads\/2024\/03\/O1CN01GpN6tc29cohOUo1Nn_2216170228089-0-cib-100x100.jpg 100w\" sizes=\"(max-width: 800px) 100vw, 800px\" \/> <img loading=\"lazy\" decoding=\"async\" class=\"aligncenter size-full wp-image-2648\" src=\"https:\/\/www.yifang-outdoors.com\/wp-content\/uploads\/2024\/03\/O1CN01yG53bQ29cohTl22BB_2216170228089-0-cib.jpg\" alt=\"\" width=\"800\" height=\"800\" srcset=\"https:\/\/www.yifang-outdoors.com\/wp-content\/uploads\/2024\/03\/O1CN01yG53bQ29cohTl22BB_2216170228089-0-cib.jpg 800w, https:\/\/www.yifang-outdoors.com\/wp-content\/uploads\/2024\/03\/O1CN01yG53bQ29cohTl22BB_2216170228089-0-cib-300x300.jpg 300w, https:\/\/www.yifang-outdoors.com\/wp-content\/uploads\/2024\/03\/O1CN01yG53bQ29cohTl22BB_2216170228089-0-cib-150x150.jpg 150w, https:\/\/www.yifang-outdoors.com\/wp-content\/uploads\/2024\/03\/O1CN01yG53bQ29cohTl22BB_2216170228089-0-cib-768x768.jpg 768w, https:\/\/www.yifang-outdoors.com\/wp-content\/uploads\/2024\/03\/O1CN01yG53bQ29cohTl22BB_2216170228089-0-cib-600x600.jpg 600w, https:\/\/www.yifang-outdoors.com\/wp-content\/uploads\/2024\/03\/O1CN01yG53bQ29cohTl22BB_2216170228089-0-cib-100x100.jpg 100w\" sizes=\"(max-width: 800px) 100vw, 800px\" \/><\/p>\n","protected":false},"excerpt":{"rendered":"<h1><span style=\"color: #ff0000;\"><strong>Customized pricing\uff1a$22-$25<\/strong><\/span><\/h1>\n<p>Esta silla de montar de bicicleta resistente al agua de PVC duradera y respetuosa con el medio ambiente se puede utilizar en diferentes entornos impermeables, resistentes a la nieve y contaminantes, as\u00ed como en varios deportes al aire libre, como bicicletas, y tiene suficiente espacio para todo tipo de necesidades. Es un producto imprescindible para los amantes de los deportes al aire libre y tiene una amplia base de clientes. Esta es una silla de montar de bicicleta impermeable muy popular.<br \/>\nModelo: W &#8211; 222<br \/>\nOpciones de color: todos los colores Pantone<br \/>\nSelecci\u00f3n de tama\u00f1o: 30 * 40 * 50 * 60l. P\u00f3ngase en contacto con nosotros para personalizar el tama\u00f1o.<br \/>\nMaterial: PVC<br \/>\n<span style=\"color: #0000ff;\">Precio: f\u00e1brica con precios muy favorables (p\u00f3ngase en contacto con nosotros para la oferta espec\u00edfica): tansisi521@gmail.com<\/span><br \/>\nLogotipo personalizado \/ odm: soporte<br \/>\nDise\u00f1o personalizado \/ oem: soporte<br \/>\n<strong><span style=\"color: #0000ff;\">N\u00famero m\u00ednimo de pedidos: 100<\/span><\/strong><br \/>\n\u00bf\u00bf tienes tu propio dise\u00f1o, boceto o concepto?<br \/>\n<span style=\"color: #0000ff;\">P\u00f3ngase en contacto con nosotros de inmediato: tansisi521@gmail.com<\/span><br \/>\n<span style=\"color: #0000ff;\">O llame al + 86136062600790<\/span><br \/>\nComience a dise\u00f1ar su bolsa de silla de montar de bicicleta impermeable personalizada<\/p>\n","protected":false},"featured_media":2647,"comment_status":"closed","ping_status":"closed","template":"","meta":{"_kad_post_transparent":"default","_kad_post_title":"","_kad_post_layout":"default","_kad_post_sidebar_id":"","_kad_post_content_style":"default","_kad_post_vertical_padding":"default","_kad_post_feature":"","_kad_post_feature_position":"","_kad_post_header":false,"_kad_post_footer":false},"product_cat":[20],"product_tag":[521,522,520],"translation":{"provider":"WPGlobus","version":"2.12.2","language":"ru","enabled_languages":["en","es","de","fr","ru"],"languages":{"en":{"title":true,"content":true,"excerpt":true},"es":{"title":false,"content":false,"excerpt":false},"de":{"title":false,"content":false,"excerpt":false},"fr":{"title":false,"content":false,"excerpt":false},"ru":{"title":false,"content":false,"excerpt":false}}},"jetpack_sharing_enabled":true,"_links":{"self":[{"href":"https:\/\/www.yifang-outdoors.com\/ru\/wp-json\/wp\/v2\/product\/2649"}],"collection":[{"href":"https:\/\/www.yifang-outdoors.com\/ru\/wp-json\/wp\/v2\/product"}],"about":[{"href":"https:\/\/www.yifang-outdoors.com\/ru\/wp-json\/wp\/v2\/types\/product"}],"replies":[{"embeddable":true,"href":"https:\/\/www.yifang-outdoors.com\/ru\/wp-json\/wp\/v2\/comments?post=2649"}],"wp:featuredmedia":[{"embeddable":true,"href":"https:\/\/www.yifang-outdoors.com\/ru\/wp-json\/wp\/v2\/media\/2647"}],"wp:attachment":[{"href":"https:\/\/www.yifang-outdoors.com\/ru\/wp-json\/wp\/v2\/media?parent=2649"}],"wp:term":[{"taxonomy":"product_cat","embeddable":true,"href":"https:\/\/www.yifang-outdoors.com\/ru\/wp-json\/wp\/v2\/product_cat?post=2649"},{"taxonomy":"product_tag","embeddable":true,"href":"https:\/\/www.yifang-outdoors.com\/ru\/wp-json\/wp\/v2\/product_tag?post=2649"}],"curies":[{"name":"wp","href":"https:\/\/api.w.org\/{rel}","templated":true}]}}