{"id":2592,"date":"2024-03-11T11:28:11","date_gmt":"2024-03-11T03:28:11","guid":{"rendered":"https:\/\/www.yifang-outdoors.com\/?post_type=product&#038;p=2592"},"modified":"2024-03-11T11:46:09","modified_gmt":"2024-03-11T03:46:09","slug":"grand-sac-a-dos-impermeable-tactique-sac-a-dos-etanche-35l-sac-a-dos-impermeable-randonnee-personnalise","status":"publish","type":"product","link":"https:\/\/www.yifang-outdoors.com\/ru\/product\/grand-sac-a-dos-impermeable-tactique-sac-a-dos-etanche-35l-sac-a-dos-impermeable-randonnee-personnalise","title":{"rendered":"Grand sac \u00e0 dos imperm\u00e9able tactique Sac \u00e0 dos \u00e9tanche 35l Sac \u00e0 dos imperm\u00e9able randonn\u00e9e Personnalis\u00e9"},"content":{"rendered":"<p><img loading=\"lazy\" decoding=\"async\" class=\"aligncenter size-full wp-image-2594\" src=\"https:\/\/www.yifang-outdoors.com\/wp-content\/uploads\/2024\/03\/O1CN01YhEKy51eOqOweusz4_2214517553862-0-cib-1.jpg\" alt=\"\" width=\"800\" height=\"800\" srcset=\"https:\/\/www.yifang-outdoors.com\/wp-content\/uploads\/2024\/03\/O1CN01YhEKy51eOqOweusz4_2214517553862-0-cib-1.jpg 800w, https:\/\/www.yifang-outdoors.com\/wp-content\/uploads\/2024\/03\/O1CN01YhEKy51eOqOweusz4_2214517553862-0-cib-1-300x300.jpg 300w, https:\/\/www.yifang-outdoors.com\/wp-content\/uploads\/2024\/03\/O1CN01YhEKy51eOqOweusz4_2214517553862-0-cib-1-150x150.jpg 150w, https:\/\/www.yifang-outdoors.com\/wp-content\/uploads\/2024\/03\/O1CN01YhEKy51eOqOweusz4_2214517553862-0-cib-1-768x768.jpg 768w, https:\/\/www.yifang-outdoors.com\/wp-content\/uploads\/2024\/03\/O1CN01YhEKy51eOqOweusz4_2214517553862-0-cib-1-600x600.jpg 600w, https:\/\/www.yifang-outdoors.com\/wp-content\/uploads\/2024\/03\/O1CN01YhEKy51eOqOweusz4_2214517553862-0-cib-1-100x100.jpg 100w\" sizes=\"(max-width: 800px) 100vw, 800px\" \/> <img loading=\"lazy\" decoding=\"async\" class=\"aligncenter size-full wp-image-2593\" src=\"https:\/\/www.yifang-outdoors.com\/wp-content\/uploads\/2024\/03\/O1CN01WoZbKp1eOqOncVmvN_2214517553862-0-cib-1.jpg\" alt=\"\" width=\"800\" height=\"800\" srcset=\"https:\/\/www.yifang-outdoors.com\/wp-content\/uploads\/2024\/03\/O1CN01WoZbKp1eOqOncVmvN_2214517553862-0-cib-1.jpg 800w, https:\/\/www.yifang-outdoors.com\/wp-content\/uploads\/2024\/03\/O1CN01WoZbKp1eOqOncVmvN_2214517553862-0-cib-1-300x300.jpg 300w, https:\/\/www.yifang-outdoors.com\/wp-content\/uploads\/2024\/03\/O1CN01WoZbKp1eOqOncVmvN_2214517553862-0-cib-1-150x150.jpg 150w, https:\/\/www.yifang-outdoors.com\/wp-content\/uploads\/2024\/03\/O1CN01WoZbKp1eOqOncVmvN_2214517553862-0-cib-1-768x768.jpg 768w, https:\/\/www.yifang-outdoors.com\/wp-content\/uploads\/2024\/03\/O1CN01WoZbKp1eOqOncVmvN_2214517553862-0-cib-1-600x600.jpg 600w, https:\/\/www.yifang-outdoors.com\/wp-content\/uploads\/2024\/03\/O1CN01WoZbKp1eOqOncVmvN_2214517553862-0-cib-1-100x100.jpg 100w\" sizes=\"(max-width: 800px) 100vw, 800px\" \/> <img loading=\"lazy\" decoding=\"async\" class=\"aligncenter size-full wp-image-2591\" src=\"https:\/\/www.yifang-outdoors.com\/wp-content\/uploads\/2024\/03\/O1CN01UelAq11eOqOzPcZEY_2214517553862-0-cib-1.jpg\" alt=\"\" width=\"800\" height=\"800\" srcset=\"https:\/\/www.yifang-outdoors.com\/wp-content\/uploads\/2024\/03\/O1CN01UelAq11eOqOzPcZEY_2214517553862-0-cib-1.jpg 800w, https:\/\/www.yifang-outdoors.com\/wp-content\/uploads\/2024\/03\/O1CN01UelAq11eOqOzPcZEY_2214517553862-0-cib-1-300x300.jpg 300w, https:\/\/www.yifang-outdoors.com\/wp-content\/uploads\/2024\/03\/O1CN01UelAq11eOqOzPcZEY_2214517553862-0-cib-1-150x150.jpg 150w, https:\/\/www.yifang-outdoors.com\/wp-content\/uploads\/2024\/03\/O1CN01UelAq11eOqOzPcZEY_2214517553862-0-cib-1-768x768.jpg 768w, https:\/\/www.yifang-outdoors.com\/wp-content\/uploads\/2024\/03\/O1CN01UelAq11eOqOzPcZEY_2214517553862-0-cib-1-600x600.jpg 600w, https:\/\/www.yifang-outdoors.com\/wp-content\/uploads\/2024\/03\/O1CN01UelAq11eOqOzPcZEY_2214517553862-0-cib-1-100x100.jpg 100w\" sizes=\"(max-width: 800px) 100vw, 800px\" \/> <img loading=\"lazy\" decoding=\"async\" class=\"aligncenter size-full wp-image-2590\" src=\"https:\/\/www.yifang-outdoors.com\/wp-content\/uploads\/2024\/03\/O1CN01kx2cV41eOqOoLvPNm_2214517553862-0-cib-1.jpg\" alt=\"\" width=\"800\" height=\"800\" srcset=\"https:\/\/www.yifang-outdoors.com\/wp-content\/uploads\/2024\/03\/O1CN01kx2cV41eOqOoLvPNm_2214517553862-0-cib-1.jpg 800w, https:\/\/www.yifang-outdoors.com\/wp-content\/uploads\/2024\/03\/O1CN01kx2cV41eOqOoLvPNm_2214517553862-0-cib-1-300x300.jpg 300w, https:\/\/www.yifang-outdoors.com\/wp-content\/uploads\/2024\/03\/O1CN01kx2cV41eOqOoLvPNm_2214517553862-0-cib-1-150x150.jpg 150w, https:\/\/www.yifang-outdoors.com\/wp-content\/uploads\/2024\/03\/O1CN01kx2cV41eOqOoLvPNm_2214517553862-0-cib-1-768x768.jpg 768w, https:\/\/www.yifang-outdoors.com\/wp-content\/uploads\/2024\/03\/O1CN01kx2cV41eOqOoLvPNm_2214517553862-0-cib-1-600x600.jpg 600w, https:\/\/www.yifang-outdoors.com\/wp-content\/uploads\/2024\/03\/O1CN01kx2cV41eOqOoLvPNm_2214517553862-0-cib-1-100x100.jpg 100w\" sizes=\"(max-width: 800px) 100vw, 800px\" \/><\/p>\n","protected":false},"excerpt":{"rendered":"<p><strong><span style=\"color: #ff0000;\">Prix personnalis\u00e9 $15.98 &#8211; $17.98<\/span><\/strong><br \/>\nCe sac imperm\u00e9able tactique en PVC durable et respectueux de l&#8217;environnement peut \u00eatre utilis\u00e9 dans diff\u00e9rents environnements imperm\u00e9ables, r\u00e9sistants \u00e0 la neige et aux taches, ainsi que dans divers sports de plein air tels que le pique &#8211; nique familial, la natation en plein air, la p\u00eache en plein air, la remise en forme et la randonn\u00e9e en plein air, et dispose de suffisamment d&#8217;espace pour r\u00e9pondre \u00e0 tous les besoins. C&#8217;est un produit indispensable pour les athl\u00e8tes de plein air et a une large gamme de clients. C&#8217;est un sac \u00e0 dos imperm\u00e9able tr\u00e8s populaire.<br \/>\nMod\u00e8le: W &#8211; 213<br \/>\nOptions de couleur: toutes les couleurs Pantone<br \/>\nChoix de taille: 20 * 30 * 40 * 50 * 60L. Contactez &#8211; nous pour une taille personnalis\u00e9e.<br \/>\nMat\u00e9riel: PVC<br \/>\nPrix: usine avec des prix tr\u00e8s favorables (veuillez nous contacter pour un devis sp\u00e9cifique): tansisi521@gmail.com<br \/>\nLogo personnalis\u00e9 \/ ODM: support<br \/>\nConception personnalis\u00e9e \/ OEM: support<br \/>\n<strong><span style=\"color: #0000ff;\">Quantit\u00e9 d&#8217;ordre minimum: 100<\/span><\/strong><br \/>\nAvez &#8211; vous votre propre design, croquis ou concept?<br \/>\n<span style=\"color: #0000ff;\">Contactez &#8211; nous d\u00e8s maintenant: tansisi521@gmail.com<\/span><br \/>\n<span style=\"color: #0000ff;\">Ou appelez &#8211; nous au + 861360260790<\/span><br \/>\nCommencez \u00e0 concevoir votre sac \u00e0 dos imperm\u00e9able personnalis\u00e9<\/p>\n","protected":false},"featured_media":2594,"comment_status":"closed","ping_status":"closed","template":"","meta":{"_kad_post_transparent":"default","_kad_post_title":"","_kad_post_layout":"default","_kad_post_sidebar_id":"","_kad_post_content_style":"default","_kad_post_vertical_padding":"default","_kad_post_feature":"","_kad_post_feature_position":"","_kad_post_header":false,"_kad_post_footer":false},"product_cat":[20],"product_tag":[503,502],"translation":{"provider":"WPGlobus","version":"2.12.2","language":"ru","enabled_languages":["en","es","de","fr","ru"],"languages":{"en":{"title":true,"content":true,"excerpt":true},"es":{"title":false,"content":false,"excerpt":false},"de":{"title":false,"content":false,"excerpt":false},"fr":{"title":false,"content":false,"excerpt":false},"ru":{"title":false,"content":false,"excerpt":false}}},"jetpack_sharing_enabled":true,"_links":{"self":[{"href":"https:\/\/www.yifang-outdoors.com\/ru\/wp-json\/wp\/v2\/product\/2592"}],"collection":[{"href":"https:\/\/www.yifang-outdoors.com\/ru\/wp-json\/wp\/v2\/product"}],"about":[{"href":"https:\/\/www.yifang-outdoors.com\/ru\/wp-json\/wp\/v2\/types\/product"}],"replies":[{"embeddable":true,"href":"https:\/\/www.yifang-outdoors.com\/ru\/wp-json\/wp\/v2\/comments?post=2592"}],"wp:featuredmedia":[{"embeddable":true,"href":"https:\/\/www.yifang-outdoors.com\/ru\/wp-json\/wp\/v2\/media\/2594"}],"wp:attachment":[{"href":"https:\/\/www.yifang-outdoors.com\/ru\/wp-json\/wp\/v2\/media?parent=2592"}],"wp:term":[{"taxonomy":"product_cat","embeddable":true,"href":"https:\/\/www.yifang-outdoors.com\/ru\/wp-json\/wp\/v2\/product_cat?post=2592"},{"taxonomy":"product_tag","embeddable":true,"href":"https:\/\/www.yifang-outdoors.com\/ru\/wp-json\/wp\/v2\/product_tag?post=2592"}],"curies":[{"name":"wp","href":"https:\/\/api.w.org\/{rel}","templated":true}]}}