{"id":2451,"date":"2024-03-05T19:16:18","date_gmt":"2024-03-05T11:16:18","guid":{"rendered":"https:\/\/www.yifang-outdoors.com\/?post_type=product&#038;p=2451"},"modified":"2024-03-05T19:26:08","modified_gmt":"2024-03-05T11:26:08","slug":"borsa-zaino-impermeabile-zaino-impermeabile-20-litri-zaino-impermeabile-da-viaggio-zaino-pieghevole-impermeabile","status":"publish","type":"product","link":"https:\/\/www.yifang-outdoors.com\/ru\/product\/borsa-zaino-impermeabile-zaino-impermeabile-20-litri-zaino-impermeabile-da-viaggio-zaino-pieghevole-impermeabile","title":{"rendered":"borsa zaino impermeabile zaino impermeabile 20 litri zaino impermeabile da viaggio zaino pieghevole impermeabile"},"content":{"rendered":"<p><img loading=\"lazy\" decoding=\"async\" class=\"aligncenter size-full wp-image-2456\" src=\"https:\/\/www.yifang-outdoors.com\/wp-content\/uploads\/2024\/03\/O1CN01zy03lD1eOqOiy4KK0_2214517553862-0-cib.jpg\" alt=\"\" width=\"800\" height=\"800\" srcset=\"https:\/\/www.yifang-outdoors.com\/wp-content\/uploads\/2024\/03\/O1CN01zy03lD1eOqOiy4KK0_2214517553862-0-cib.jpg 800w, https:\/\/www.yifang-outdoors.com\/wp-content\/uploads\/2024\/03\/O1CN01zy03lD1eOqOiy4KK0_2214517553862-0-cib-300x300.jpg 300w, https:\/\/www.yifang-outdoors.com\/wp-content\/uploads\/2024\/03\/O1CN01zy03lD1eOqOiy4KK0_2214517553862-0-cib-150x150.jpg 150w, https:\/\/www.yifang-outdoors.com\/wp-content\/uploads\/2024\/03\/O1CN01zy03lD1eOqOiy4KK0_2214517553862-0-cib-768x768.jpg 768w, https:\/\/www.yifang-outdoors.com\/wp-content\/uploads\/2024\/03\/O1CN01zy03lD1eOqOiy4KK0_2214517553862-0-cib-600x600.jpg 600w, https:\/\/www.yifang-outdoors.com\/wp-content\/uploads\/2024\/03\/O1CN01zy03lD1eOqOiy4KK0_2214517553862-0-cib-100x100.jpg 100w\" sizes=\"(max-width: 800px) 100vw, 800px\" \/> <img loading=\"lazy\" decoding=\"async\" class=\"aligncenter size-full wp-image-2452\" src=\"https:\/\/www.yifang-outdoors.com\/wp-content\/uploads\/2024\/03\/1-9.jpg\" alt=\"\" width=\"900\" height=\"900\" srcset=\"https:\/\/www.yifang-outdoors.com\/wp-content\/uploads\/2024\/03\/1-9.jpg 900w, https:\/\/www.yifang-outdoors.com\/wp-content\/uploads\/2024\/03\/1-9-300x300.jpg 300w, https:\/\/www.yifang-outdoors.com\/wp-content\/uploads\/2024\/03\/1-9-150x150.jpg 150w, https:\/\/www.yifang-outdoors.com\/wp-content\/uploads\/2024\/03\/1-9-768x768.jpg 768w, https:\/\/www.yifang-outdoors.com\/wp-content\/uploads\/2024\/03\/1-9-600x600.jpg 600w, https:\/\/www.yifang-outdoors.com\/wp-content\/uploads\/2024\/03\/1-9-100x100.jpg 100w\" sizes=\"(max-width: 900px) 100vw, 900px\" \/> <img loading=\"lazy\" decoding=\"async\" class=\"aligncenter size-full wp-image-2454\" src=\"https:\/\/www.yifang-outdoors.com\/wp-content\/uploads\/2024\/03\/O1CN01oLac8B1eOqP01zGaO_2214517553862-0-cib.jpg\" alt=\"\" width=\"800\" height=\"800\" srcset=\"https:\/\/www.yifang-outdoors.com\/wp-content\/uploads\/2024\/03\/O1CN01oLac8B1eOqP01zGaO_2214517553862-0-cib.jpg 800w, https:\/\/www.yifang-outdoors.com\/wp-content\/uploads\/2024\/03\/O1CN01oLac8B1eOqP01zGaO_2214517553862-0-cib-300x300.jpg 300w, https:\/\/www.yifang-outdoors.com\/wp-content\/uploads\/2024\/03\/O1CN01oLac8B1eOqP01zGaO_2214517553862-0-cib-150x150.jpg 150w, https:\/\/www.yifang-outdoors.com\/wp-content\/uploads\/2024\/03\/O1CN01oLac8B1eOqP01zGaO_2214517553862-0-cib-768x768.jpg 768w, https:\/\/www.yifang-outdoors.com\/wp-content\/uploads\/2024\/03\/O1CN01oLac8B1eOqP01zGaO_2214517553862-0-cib-600x600.jpg 600w, https:\/\/www.yifang-outdoors.com\/wp-content\/uploads\/2024\/03\/O1CN01oLac8B1eOqP01zGaO_2214517553862-0-cib-100x100.jpg 100w\" sizes=\"(max-width: 800px) 100vw, 800px\" \/> <img loading=\"lazy\" decoding=\"async\" class=\"aligncenter size-full wp-image-2455\" src=\"https:\/\/www.yifang-outdoors.com\/wp-content\/uploads\/2024\/03\/O1CN01VMPayP1eOqOvQUnXD_2214517553862-0-cib.jpg\" alt=\"\" width=\"800\" height=\"800\" srcset=\"https:\/\/www.yifang-outdoors.com\/wp-content\/uploads\/2024\/03\/O1CN01VMPayP1eOqOvQUnXD_2214517553862-0-cib.jpg 800w, https:\/\/www.yifang-outdoors.com\/wp-content\/uploads\/2024\/03\/O1CN01VMPayP1eOqOvQUnXD_2214517553862-0-cib-300x300.jpg 300w, https:\/\/www.yifang-outdoors.com\/wp-content\/uploads\/2024\/03\/O1CN01VMPayP1eOqOvQUnXD_2214517553862-0-cib-150x150.jpg 150w, https:\/\/www.yifang-outdoors.com\/wp-content\/uploads\/2024\/03\/O1CN01VMPayP1eOqOvQUnXD_2214517553862-0-cib-768x768.jpg 768w, https:\/\/www.yifang-outdoors.com\/wp-content\/uploads\/2024\/03\/O1CN01VMPayP1eOqOvQUnXD_2214517553862-0-cib-600x600.jpg 600w, https:\/\/www.yifang-outdoors.com\/wp-content\/uploads\/2024\/03\/O1CN01VMPayP1eOqOvQUnXD_2214517553862-0-cib-100x100.jpg 100w\" sizes=\"(max-width: 800px) 100vw, 800px\" \/><\/p>\n<p><img loading=\"lazy\" decoding=\"async\" class=\"aligncenter size-full wp-image-2453\" src=\"https:\/\/www.yifang-outdoors.com\/wp-content\/uploads\/2024\/03\/O1CN01cEwBou1eOqOtlv1Do_2214517553862-0-cib.jpg\" alt=\"\" width=\"800\" height=\"800\" srcset=\"https:\/\/www.yifang-outdoors.com\/wp-content\/uploads\/2024\/03\/O1CN01cEwBou1eOqOtlv1Do_2214517553862-0-cib.jpg 800w, https:\/\/www.yifang-outdoors.com\/wp-content\/uploads\/2024\/03\/O1CN01cEwBou1eOqOtlv1Do_2214517553862-0-cib-300x300.jpg 300w, https:\/\/www.yifang-outdoors.com\/wp-content\/uploads\/2024\/03\/O1CN01cEwBou1eOqOtlv1Do_2214517553862-0-cib-150x150.jpg 150w, https:\/\/www.yifang-outdoors.com\/wp-content\/uploads\/2024\/03\/O1CN01cEwBou1eOqOtlv1Do_2214517553862-0-cib-768x768.jpg 768w, https:\/\/www.yifang-outdoors.com\/wp-content\/uploads\/2024\/03\/O1CN01cEwBou1eOqOtlv1Do_2214517553862-0-cib-600x600.jpg 600w, https:\/\/www.yifang-outdoors.com\/wp-content\/uploads\/2024\/03\/O1CN01cEwBou1eOqOtlv1Do_2214517553862-0-cib-100x100.jpg 100w\" sizes=\"(max-width: 800px) 100vw, 800px\" \/><\/p>\n","protected":false},"excerpt":{"rendered":"<h6><strong><span style=\"color: #ff0000;\">Prezzi personalizzati: $8.23-$9.65<\/span><\/strong><br \/>\nQuesta borsa impermeabile tattica del PVC durevole e rispettosa dell&#8217;ambiente pu\u00f2 essere utilizzata in diversi ambienti impermeabili, a prova di neve e a prova di macchia, cos\u00ec come in vari sport all&#8217;aperto come picnic in famiglia, nuoto all&#8217;aperto, pesca all&#8217;aperto, fitness ed escursioni all&#8217;aperto e ha abbastanza spazio per ospitare varie necessit\u00e0. \u00c8 un prodotto indispensabile per gli atleti outdoor, con una vasta gamma di clienti. \u00c8 uno zaino impermeabile molto popolare.<br \/>\nModello: W-201<br \/>\nOpzioni di colore: Tutti i colori Pantone<br \/>\nSelezione di dimensioni: 20 * 30 * 40 * 50 * 60L. Contattaci per personalizzare la dimensione.<br \/>\nMateriale: PVC<br \/>\n<span style=\"color: #0000ff;\">Prezzo: Una fabbrica con prezzi molto favorevoli (vi preghiamo di contattarci per preventivi specifici): tansisi521@gmail.com<\/span><br \/>\nLogo\/ODM personalizzato: supporto<br \/>\nProgettazione su misura\/OEM: Supporto<br \/>\n<span style=\"color: #0000ff;\">Quantit\u00e0 di ordine minimo: 100<\/span><br \/>\nAvete il vostro disegno, schizzo o concetto?<br \/>\n<span style=\"color: #0000ff;\">Contattaci immediatamente: tansisi521@gmail.com<\/span><br \/>\n<span style=\"color: #0000ff;\">Oppure chiama +861360260790<\/span><br \/>\nInizia a progettare il tuo zaino impermeabile personalizzato<\/h6>\n","protected":false},"featured_media":2456,"comment_status":"closed","ping_status":"closed","template":"","meta":{"_kad_post_transparent":"default","_kad_post_title":"","_kad_post_layout":"default","_kad_post_sidebar_id":"","_kad_post_content_style":"default","_kad_post_vertical_padding":"default","_kad_post_feature":"","_kad_post_feature_position":"","_kad_post_header":false,"_kad_post_footer":false},"product_cat":[20],"product_tag":[405,406],"translation":{"provider":"WPGlobus","version":"2.12.2","language":"ru","enabled_languages":["en","es","de","fr","ru"],"languages":{"en":{"title":true,"content":true,"excerpt":true},"es":{"title":false,"content":false,"excerpt":false},"de":{"title":false,"content":false,"excerpt":false},"fr":{"title":false,"content":false,"excerpt":false},"ru":{"title":false,"content":false,"excerpt":false}}},"jetpack_sharing_enabled":true,"_links":{"self":[{"href":"https:\/\/www.yifang-outdoors.com\/ru\/wp-json\/wp\/v2\/product\/2451"}],"collection":[{"href":"https:\/\/www.yifang-outdoors.com\/ru\/wp-json\/wp\/v2\/product"}],"about":[{"href":"https:\/\/www.yifang-outdoors.com\/ru\/wp-json\/wp\/v2\/types\/product"}],"replies":[{"embeddable":true,"href":"https:\/\/www.yifang-outdoors.com\/ru\/wp-json\/wp\/v2\/comments?post=2451"}],"wp:featuredmedia":[{"embeddable":true,"href":"https:\/\/www.yifang-outdoors.com\/ru\/wp-json\/wp\/v2\/media\/2456"}],"wp:attachment":[{"href":"https:\/\/www.yifang-outdoors.com\/ru\/wp-json\/wp\/v2\/media?parent=2451"}],"wp:term":[{"taxonomy":"product_cat","embeddable":true,"href":"https:\/\/www.yifang-outdoors.com\/ru\/wp-json\/wp\/v2\/product_cat?post=2451"},{"taxonomy":"product_tag","embeddable":true,"href":"https:\/\/www.yifang-outdoors.com\/ru\/wp-json\/wp\/v2\/product_tag?post=2451"}],"curies":[{"name":"wp","href":"https:\/\/api.w.org\/{rel}","templated":true}]}}