{"id":3096,"date":"2024-04-01T12:42:56","date_gmt":"2024-04-01T04:42:56","guid":{"rendered":"https:\/\/www.yifang-outdoors.com\/?post_type=product&#038;p=3096"},"modified":"2024-04-01T12:42:57","modified_gmt":"2024-04-01T04:42:57","slug":"soft-cooler-rtic-soft-cooler-best-insulated-soft-cooler-traders","status":"publish","type":"product","link":"https:\/\/www.yifang-outdoors.com\/fr\/product\/soft-cooler-rtic-soft-cooler-best-insulated-soft-cooler-traders","title":{"rendered":"soft cooler rtic soft cooler best insulated soft cooler traders"},"content":{"rendered":"<p><img loading=\"lazy\" decoding=\"async\" class=\"aligncenter size-full wp-image-3094\" src=\"https:\/\/www.yifang-outdoors.com\/wp-content\/uploads\/2024\/04\/O1CN01JuRccz1CzCh1b87Mn_2215568960151-0-cib.jpg\" alt=\"\" width=\"1000\" height=\"1000\" srcset=\"https:\/\/www.yifang-outdoors.com\/wp-content\/uploads\/2024\/04\/O1CN01JuRccz1CzCh1b87Mn_2215568960151-0-cib.jpg 1000w, https:\/\/www.yifang-outdoors.com\/wp-content\/uploads\/2024\/04\/O1CN01JuRccz1CzCh1b87Mn_2215568960151-0-cib-300x300.jpg 300w, https:\/\/www.yifang-outdoors.com\/wp-content\/uploads\/2024\/04\/O1CN01JuRccz1CzCh1b87Mn_2215568960151-0-cib-150x150.jpg 150w, https:\/\/www.yifang-outdoors.com\/wp-content\/uploads\/2024\/04\/O1CN01JuRccz1CzCh1b87Mn_2215568960151-0-cib-768x768.jpg 768w, https:\/\/www.yifang-outdoors.com\/wp-content\/uploads\/2024\/04\/O1CN01JuRccz1CzCh1b87Mn_2215568960151-0-cib-600x600.jpg 600w, https:\/\/www.yifang-outdoors.com\/wp-content\/uploads\/2024\/04\/O1CN01JuRccz1CzCh1b87Mn_2215568960151-0-cib-100x100.jpg 100w\" sizes=\"(max-width: 1000px) 100vw, 1000px\" \/> <img loading=\"lazy\" decoding=\"async\" class=\"aligncenter size-full wp-image-3095\" src=\"https:\/\/www.yifang-outdoors.com\/wp-content\/uploads\/2024\/04\/O1CN01MMsnkY1CzCgv3O5wF_2215568960151-0-cib.jpg\" alt=\"\" width=\"1000\" height=\"1000\" srcset=\"https:\/\/www.yifang-outdoors.com\/wp-content\/uploads\/2024\/04\/O1CN01MMsnkY1CzCgv3O5wF_2215568960151-0-cib.jpg 1000w, https:\/\/www.yifang-outdoors.com\/wp-content\/uploads\/2024\/04\/O1CN01MMsnkY1CzCgv3O5wF_2215568960151-0-cib-300x300.jpg 300w, https:\/\/www.yifang-outdoors.com\/wp-content\/uploads\/2024\/04\/O1CN01MMsnkY1CzCgv3O5wF_2215568960151-0-cib-150x150.jpg 150w, https:\/\/www.yifang-outdoors.com\/wp-content\/uploads\/2024\/04\/O1CN01MMsnkY1CzCgv3O5wF_2215568960151-0-cib-768x768.jpg 768w, https:\/\/www.yifang-outdoors.com\/wp-content\/uploads\/2024\/04\/O1CN01MMsnkY1CzCgv3O5wF_2215568960151-0-cib-600x600.jpg 600w, https:\/\/www.yifang-outdoors.com\/wp-content\/uploads\/2024\/04\/O1CN01MMsnkY1CzCgv3O5wF_2215568960151-0-cib-100x100.jpg 100w\" sizes=\"(max-width: 1000px) 100vw, 1000px\" \/> <img loading=\"lazy\" decoding=\"async\" class=\"aligncenter size-full wp-image-3092\" src=\"https:\/\/www.yifang-outdoors.com\/wp-content\/uploads\/2024\/04\/O1CN01Fb8uag1CzCgyqC4DL_2215568960151-0-cib.jpg\" alt=\"\" width=\"1000\" height=\"1000\" srcset=\"https:\/\/www.yifang-outdoors.com\/wp-content\/uploads\/2024\/04\/O1CN01Fb8uag1CzCgyqC4DL_2215568960151-0-cib.jpg 1000w, https:\/\/www.yifang-outdoors.com\/wp-content\/uploads\/2024\/04\/O1CN01Fb8uag1CzCgyqC4DL_2215568960151-0-cib-300x300.jpg 300w, https:\/\/www.yifang-outdoors.com\/wp-content\/uploads\/2024\/04\/O1CN01Fb8uag1CzCgyqC4DL_2215568960151-0-cib-150x150.jpg 150w, https:\/\/www.yifang-outdoors.com\/wp-content\/uploads\/2024\/04\/O1CN01Fb8uag1CzCgyqC4DL_2215568960151-0-cib-768x768.jpg 768w, https:\/\/www.yifang-outdoors.com\/wp-content\/uploads\/2024\/04\/O1CN01Fb8uag1CzCgyqC4DL_2215568960151-0-cib-600x600.jpg 600w, https:\/\/www.yifang-outdoors.com\/wp-content\/uploads\/2024\/04\/O1CN01Fb8uag1CzCgyqC4DL_2215568960151-0-cib-100x100.jpg 100w\" sizes=\"(max-width: 1000px) 100vw, 1000px\" \/> <img loading=\"lazy\" decoding=\"async\" class=\"aligncenter size-full wp-image-3093\" src=\"https:\/\/www.yifang-outdoors.com\/wp-content\/uploads\/2024\/04\/O1CN01icEE5g1CzCgwFcIJH_2215568960151-0-cib.jpg\" alt=\"\" width=\"1000\" height=\"1000\" srcset=\"https:\/\/www.yifang-outdoors.com\/wp-content\/uploads\/2024\/04\/O1CN01icEE5g1CzCgwFcIJH_2215568960151-0-cib.jpg 1000w, https:\/\/www.yifang-outdoors.com\/wp-content\/uploads\/2024\/04\/O1CN01icEE5g1CzCgwFcIJH_2215568960151-0-cib-300x300.jpg 300w, https:\/\/www.yifang-outdoors.com\/wp-content\/uploads\/2024\/04\/O1CN01icEE5g1CzCgwFcIJH_2215568960151-0-cib-150x150.jpg 150w, https:\/\/www.yifang-outdoors.com\/wp-content\/uploads\/2024\/04\/O1CN01icEE5g1CzCgwFcIJH_2215568960151-0-cib-768x768.jpg 768w, https:\/\/www.yifang-outdoors.com\/wp-content\/uploads\/2024\/04\/O1CN01icEE5g1CzCgwFcIJH_2215568960151-0-cib-600x600.jpg 600w, https:\/\/www.yifang-outdoors.com\/wp-content\/uploads\/2024\/04\/O1CN01icEE5g1CzCgwFcIJH_2215568960151-0-cib-100x100.jpg 100w\" sizes=\"(max-width: 1000px) 100vw, 1000px\" \/><\/p>\n","protected":false},"excerpt":{"rendered":"<h1><span style=\"color: #ff0000;\"><strong>Customized pricing\uff1a$16.2-$18.66<\/strong><\/span><\/h1>\n<p>Este enfriador de mochila waterproof duradero y ecol\u00f3gico se puede utilizar para diversas actividades al aire libre, como picnics familiares, nataci\u00f3n al aire libre, pesca al aire libre, Fitness y sufficiente espacio para todo tipo de necesidades. Es un producto imprescindible para los amantes de los deportes al aire libre y tiene una ampia base de clientes. Este es un enfriador de mochila waterproof muy popular.<br \/>\nModel: W \u2013 261<br \/>\nOpciones de color: todos los colores Pantone<br \/>\nSelecci\u00f3n de tama\u00f1o: 30 * 40 * 50 * 60l. P\u00f3ngase en contacto con nosotros para personalizar el tama\u00f1o.<br \/>\n<strong><span style=\"color: #0000ff;\">Precio: f\u00e1brica con precios muy favors (p\u00f3ngase en contacto con nosotros para la oferta espec\u00edfica): tansisi521@gmail.com<\/span><\/strong><br \/>\nLogotype personalizado \/ odm: soporte<br \/>\nDise\u00f1o personalizado \/ oem: soporte<br \/>\n<strong><span style=\"color: #0000ff;\">N\u00famero m\u00ednimo de pedidos: 100<\/span><\/strong><br \/>\n\u00bftienes tu propio dise\u00f1o, boceto o concepto?<br \/>\n<span style=\"color: #0000ff;\">P\u00f3ngase en contacto con nosotros de inmediato: tansisi521@gmail.com<\/span><br \/>\n<span style=\"color: #0000ff;\">O llame al + 86 13602600790<\/span><br \/>\nComience a dise\u00f1ar su enfriador de mochila waterproof personalizado<\/p>\n","protected":false},"featured_media":3095,"comment_status":"closed","ping_status":"closed","template":"","meta":{"_kad_post_transparent":"default","_kad_post_title":"","_kad_post_layout":"default","_kad_post_sidebar_id":"","_kad_post_content_style":"default","_kad_post_vertical_padding":"default","_kad_post_feature":"","_kad_post_feature_position":"","_kad_post_header":false,"_kad_post_footer":false},"product_cat":[70],"product_tag":[],"translation":{"provider":"WPGlobus","version":"2.12.2","language":"fr","enabled_languages":["en","es","de","fr","ru"],"languages":{"en":{"title":true,"content":true,"excerpt":true},"es":{"title":false,"content":false,"excerpt":false},"de":{"title":false,"content":false,"excerpt":false},"fr":{"title":false,"content":false,"excerpt":false},"ru":{"title":false,"content":false,"excerpt":false}}},"jetpack_sharing_enabled":true,"_links":{"self":[{"href":"https:\/\/www.yifang-outdoors.com\/fr\/wp-json\/wp\/v2\/product\/3096"}],"collection":[{"href":"https:\/\/www.yifang-outdoors.com\/fr\/wp-json\/wp\/v2\/product"}],"about":[{"href":"https:\/\/www.yifang-outdoors.com\/fr\/wp-json\/wp\/v2\/types\/product"}],"replies":[{"embeddable":true,"href":"https:\/\/www.yifang-outdoors.com\/fr\/wp-json\/wp\/v2\/comments?post=3096"}],"wp:featuredmedia":[{"embeddable":true,"href":"https:\/\/www.yifang-outdoors.com\/fr\/wp-json\/wp\/v2\/media\/3095"}],"wp:attachment":[{"href":"https:\/\/www.yifang-outdoors.com\/fr\/wp-json\/wp\/v2\/media?parent=3096"}],"wp:term":[{"taxonomy":"product_cat","embeddable":true,"href":"https:\/\/www.yifang-outdoors.com\/fr\/wp-json\/wp\/v2\/product_cat?post=3096"},{"taxonomy":"product_tag","embeddable":true,"href":"https:\/\/www.yifang-outdoors.com\/fr\/wp-json\/wp\/v2\/product_tag?post=3096"}],"curies":[{"name":"wp","href":"https:\/\/api.w.org\/{rel}","templated":true}]}}