{"id":2545,"date":"2024-03-09T12:10:42","date_gmt":"2024-03-09T04:10:42","guid":{"rendered":"https:\/\/www.yifang-outdoors.com\/?post_type=product&#038;p=2545"},"modified":"2024-03-09T12:49:28","modified_gmt":"2024-03-09T04:49:28","slug":"sac-de-taille-impermeable-personnalise-sac-de-peche-impermeable-sac-de-taille-impermeable-usine-personnalisee","status":"publish","type":"product","link":"https:\/\/www.yifang-outdoors.com\/fr\/product\/sac-de-taille-impermeable-personnalise-sac-de-peche-impermeable-sac-de-taille-impermeable-usine-personnalisee","title":{"rendered":"Sac de taille imperm\u00e9able personnalis\u00e9 Sac de p\u00eache imperm\u00e9able Sac de taille imperm\u00e9able usine personnalis\u00e9e"},"content":{"rendered":"<p><img loading=\"lazy\" decoding=\"async\" class=\"aligncenter size-full wp-image-2546\" src=\"https:\/\/www.yifang-outdoors.com\/wp-content\/uploads\/2024\/03\/O1CN01jNoG8829codjM8qdB_2216170228089-0-cib.jpg\" alt=\"\" width=\"1065\" height=\"1065\" srcset=\"https:\/\/www.yifang-outdoors.com\/wp-content\/uploads\/2024\/03\/O1CN01jNoG8829codjM8qdB_2216170228089-0-cib.jpg 1065w, https:\/\/www.yifang-outdoors.com\/wp-content\/uploads\/2024\/03\/O1CN01jNoG8829codjM8qdB_2216170228089-0-cib-300x300.jpg 300w, https:\/\/www.yifang-outdoors.com\/wp-content\/uploads\/2024\/03\/O1CN01jNoG8829codjM8qdB_2216170228089-0-cib-1024x1024.jpg 1024w, https:\/\/www.yifang-outdoors.com\/wp-content\/uploads\/2024\/03\/O1CN01jNoG8829codjM8qdB_2216170228089-0-cib-150x150.jpg 150w, https:\/\/www.yifang-outdoors.com\/wp-content\/uploads\/2024\/03\/O1CN01jNoG8829codjM8qdB_2216170228089-0-cib-768x768.jpg 768w, https:\/\/www.yifang-outdoors.com\/wp-content\/uploads\/2024\/03\/O1CN01jNoG8829codjM8qdB_2216170228089-0-cib-600x600.jpg 600w, https:\/\/www.yifang-outdoors.com\/wp-content\/uploads\/2024\/03\/O1CN01jNoG8829codjM8qdB_2216170228089-0-cib-100x100.jpg 100w\" sizes=\"(max-width: 1065px) 100vw, 1065px\" \/> <img loading=\"lazy\" decoding=\"async\" class=\"aligncenter size-full wp-image-2548\" src=\"https:\/\/www.yifang-outdoors.com\/wp-content\/uploads\/2024\/03\/O1CN01rQvyms29codjM97FS_2216170228089-0-cib.jpg\" alt=\"\" width=\"1065\" height=\"1065\" srcset=\"https:\/\/www.yifang-outdoors.com\/wp-content\/uploads\/2024\/03\/O1CN01rQvyms29codjM97FS_2216170228089-0-cib.jpg 1065w, https:\/\/www.yifang-outdoors.com\/wp-content\/uploads\/2024\/03\/O1CN01rQvyms29codjM97FS_2216170228089-0-cib-300x300.jpg 300w, https:\/\/www.yifang-outdoors.com\/wp-content\/uploads\/2024\/03\/O1CN01rQvyms29codjM97FS_2216170228089-0-cib-1024x1024.jpg 1024w, https:\/\/www.yifang-outdoors.com\/wp-content\/uploads\/2024\/03\/O1CN01rQvyms29codjM97FS_2216170228089-0-cib-150x150.jpg 150w, https:\/\/www.yifang-outdoors.com\/wp-content\/uploads\/2024\/03\/O1CN01rQvyms29codjM97FS_2216170228089-0-cib-768x768.jpg 768w, https:\/\/www.yifang-outdoors.com\/wp-content\/uploads\/2024\/03\/O1CN01rQvyms29codjM97FS_2216170228089-0-cib-600x600.jpg 600w, https:\/\/www.yifang-outdoors.com\/wp-content\/uploads\/2024\/03\/O1CN01rQvyms29codjM97FS_2216170228089-0-cib-100x100.jpg 100w\" sizes=\"(max-width: 1065px) 100vw, 1065px\" \/> <img loading=\"lazy\" decoding=\"async\" class=\"aligncenter size-full wp-image-2550\" src=\"https:\/\/www.yifang-outdoors.com\/wp-content\/uploads\/2024\/03\/O1CN015wvuCo29codfJQjqD_2216170228089-0-cib.jpg\" alt=\"\" width=\"1065\" height=\"1065\" srcset=\"https:\/\/www.yifang-outdoors.com\/wp-content\/uploads\/2024\/03\/O1CN015wvuCo29codfJQjqD_2216170228089-0-cib.jpg 1065w, https:\/\/www.yifang-outdoors.com\/wp-content\/uploads\/2024\/03\/O1CN015wvuCo29codfJQjqD_2216170228089-0-cib-300x300.jpg 300w, https:\/\/www.yifang-outdoors.com\/wp-content\/uploads\/2024\/03\/O1CN015wvuCo29codfJQjqD_2216170228089-0-cib-1024x1024.jpg 1024w, https:\/\/www.yifang-outdoors.com\/wp-content\/uploads\/2024\/03\/O1CN015wvuCo29codfJQjqD_2216170228089-0-cib-150x150.jpg 150w, https:\/\/www.yifang-outdoors.com\/wp-content\/uploads\/2024\/03\/O1CN015wvuCo29codfJQjqD_2216170228089-0-cib-768x768.jpg 768w, https:\/\/www.yifang-outdoors.com\/wp-content\/uploads\/2024\/03\/O1CN015wvuCo29codfJQjqD_2216170228089-0-cib-600x600.jpg 600w, https:\/\/www.yifang-outdoors.com\/wp-content\/uploads\/2024\/03\/O1CN015wvuCo29codfJQjqD_2216170228089-0-cib-100x100.jpg 100w\" sizes=\"(max-width: 1065px) 100vw, 1065px\" \/> <img loading=\"lazy\" decoding=\"async\" class=\"aligncenter size-full wp-image-2547\" src=\"https:\/\/www.yifang-outdoors.com\/wp-content\/uploads\/2024\/03\/O1CN01MKISon29codgUCAf3_2216170228089-0-cib.jpg\" alt=\"\" width=\"1066\" height=\"1066\" srcset=\"https:\/\/www.yifang-outdoors.com\/wp-content\/uploads\/2024\/03\/O1CN01MKISon29codgUCAf3_2216170228089-0-cib.jpg 1066w, https:\/\/www.yifang-outdoors.com\/wp-content\/uploads\/2024\/03\/O1CN01MKISon29codgUCAf3_2216170228089-0-cib-300x300.jpg 300w, https:\/\/www.yifang-outdoors.com\/wp-content\/uploads\/2024\/03\/O1CN01MKISon29codgUCAf3_2216170228089-0-cib-1024x1024.jpg 1024w, https:\/\/www.yifang-outdoors.com\/wp-content\/uploads\/2024\/03\/O1CN01MKISon29codgUCAf3_2216170228089-0-cib-150x150.jpg 150w, https:\/\/www.yifang-outdoors.com\/wp-content\/uploads\/2024\/03\/O1CN01MKISon29codgUCAf3_2216170228089-0-cib-768x768.jpg 768w, https:\/\/www.yifang-outdoors.com\/wp-content\/uploads\/2024\/03\/O1CN01MKISon29codgUCAf3_2216170228089-0-cib-600x600.jpg 600w, https:\/\/www.yifang-outdoors.com\/wp-content\/uploads\/2024\/03\/O1CN01MKISon29codgUCAf3_2216170228089-0-cib-100x100.jpg 100w\" sizes=\"(max-width: 1066px) 100vw, 1066px\" \/> <img loading=\"lazy\" decoding=\"async\" class=\"aligncenter size-full wp-image-2549\" src=\"https:\/\/www.yifang-outdoors.com\/wp-content\/uploads\/2024\/03\/O1CN01U8anep29codgUCN9m_2216170228089-0-cib.jpg\" alt=\"\" width=\"1066\" height=\"1066\" srcset=\"https:\/\/www.yifang-outdoors.com\/wp-content\/uploads\/2024\/03\/O1CN01U8anep29codgUCN9m_2216170228089-0-cib.jpg 1066w, https:\/\/www.yifang-outdoors.com\/wp-content\/uploads\/2024\/03\/O1CN01U8anep29codgUCN9m_2216170228089-0-cib-300x300.jpg 300w, https:\/\/www.yifang-outdoors.com\/wp-content\/uploads\/2024\/03\/O1CN01U8anep29codgUCN9m_2216170228089-0-cib-1024x1024.jpg 1024w, https:\/\/www.yifang-outdoors.com\/wp-content\/uploads\/2024\/03\/O1CN01U8anep29codgUCN9m_2216170228089-0-cib-150x150.jpg 150w, https:\/\/www.yifang-outdoors.com\/wp-content\/uploads\/2024\/03\/O1CN01U8anep29codgUCN9m_2216170228089-0-cib-768x768.jpg 768w, https:\/\/www.yifang-outdoors.com\/wp-content\/uploads\/2024\/03\/O1CN01U8anep29codgUCN9m_2216170228089-0-cib-600x600.jpg 600w, https:\/\/www.yifang-outdoors.com\/wp-content\/uploads\/2024\/03\/O1CN01U8anep29codgUCN9m_2216170228089-0-cib-100x100.jpg 100w\" sizes=\"(max-width: 1066px) 100vw, 1066px\" \/><\/p>\n","protected":false},"excerpt":{"rendered":"<h1 class=\"price\"><span style=\"color: #ff0000;\"><strong>Customized pricing\uff1a$12.95-$14.95<\/strong><\/span><\/h1>\n<div class=\"woocommerce-product-details__short-description\">\n<p>This durable and environmentally friendly 840D PTU waterproof fishing waist pack can be used in various outdoor sports, swimming, fishing, and other scenarios, and has enough space to accommodate various necessities. It is a must-have product for outdoor athletes and has a wide customer base. It is a very popular waterproof fishing waist bag.<br \/>\nModel: W-189<br \/>\nColor options: All Pantone colors<br \/>\nSize selection: Contact us to customize the size.<br \/>\nMaterial: 840DTPU<br \/>\n<span style=\"color: #0000ff;\"><strong>Price: A factory with very favorable prices (please contact us for specific quotations): tansisi521@gmail.com<\/strong><\/span><br \/>\nCustom logo\/ODM: support<br \/>\nCustomized Design\/OEM: Support<br \/>\n<span style=\"color: #0000ff;\">Minimum order quantity: 100<\/span><br \/>\nDo you have your own design, sketch, or concept?<br \/>\n<span style=\"color: #0000ff;\">Contact us immediately: tansisi521@gmail.com<\/span><br \/>\n<span style=\"color: #0000ff;\">Or call+8613602600790<\/span><br \/>\nStart designing your custom waterproof waist pack.<\/p>\n<\/div>\n","protected":false},"featured_media":2546,"comment_status":"closed","ping_status":"closed","template":"","meta":{"_kad_post_transparent":"default","_kad_post_title":"","_kad_post_layout":"default","_kad_post_sidebar_id":"","_kad_post_content_style":"default","_kad_post_vertical_padding":"default","_kad_post_feature":"","_kad_post_feature_position":"","_kad_post_header":false,"_kad_post_footer":false},"product_cat":[16,23],"product_tag":[486,485],"translation":{"provider":"WPGlobus","version":"2.12.2","language":"fr","enabled_languages":["en","es","de","fr","ru"],"languages":{"en":{"title":true,"content":true,"excerpt":true},"es":{"title":false,"content":false,"excerpt":false},"de":{"title":false,"content":false,"excerpt":false},"fr":{"title":false,"content":false,"excerpt":false},"ru":{"title":false,"content":false,"excerpt":false}}},"jetpack_sharing_enabled":true,"_links":{"self":[{"href":"https:\/\/www.yifang-outdoors.com\/fr\/wp-json\/wp\/v2\/product\/2545"}],"collection":[{"href":"https:\/\/www.yifang-outdoors.com\/fr\/wp-json\/wp\/v2\/product"}],"about":[{"href":"https:\/\/www.yifang-outdoors.com\/fr\/wp-json\/wp\/v2\/types\/product"}],"replies":[{"embeddable":true,"href":"https:\/\/www.yifang-outdoors.com\/fr\/wp-json\/wp\/v2\/comments?post=2545"}],"wp:featuredmedia":[{"embeddable":true,"href":"https:\/\/www.yifang-outdoors.com\/fr\/wp-json\/wp\/v2\/media\/2546"}],"wp:attachment":[{"href":"https:\/\/www.yifang-outdoors.com\/fr\/wp-json\/wp\/v2\/media?parent=2545"}],"wp:term":[{"taxonomy":"product_cat","embeddable":true,"href":"https:\/\/www.yifang-outdoors.com\/fr\/wp-json\/wp\/v2\/product_cat?post=2545"},{"taxonomy":"product_tag","embeddable":true,"href":"https:\/\/www.yifang-outdoors.com\/fr\/wp-json\/wp\/v2\/product_tag?post=2545"}],"curies":[{"name":"wp","href":"https:\/\/api.w.org\/{rel}","templated":true}]}}