{"id":2446,"date":"2024-03-05T19:06:59","date_gmt":"2024-03-05T11:06:59","guid":{"rendered":"https:\/\/www.yifang-outdoors.com\/?post_type=product&#038;p=2446"},"modified":"2024-03-05T19:06:59","modified_gmt":"2024-03-05T11:06:59","slug":"zaino-caccia-impermeabile-zaino-impermeabile-personalizzato-zaino-arrotolabile-impermeabile","status":"publish","type":"product","link":"https:\/\/www.yifang-outdoors.com\/fr\/product\/zaino-caccia-impermeabile-zaino-impermeabile-personalizzato-zaino-arrotolabile-impermeabile","title":{"rendered":"zaino caccia impermeabile zaino impermeabile personalizzato zaino arrotolabile impermeabile"},"content":{"rendered":"<p><img loading=\"lazy\" decoding=\"async\" class=\"aligncenter size-full wp-image-2447\" src=\"https:\/\/www.yifang-outdoors.com\/wp-content\/uploads\/2024\/03\/O1CN01aL5FLn1eOqOxOOjn5_2214517553862-0-cib.jpg\" alt=\"\" width=\"800\" height=\"800\" srcset=\"https:\/\/www.yifang-outdoors.com\/wp-content\/uploads\/2024\/03\/O1CN01aL5FLn1eOqOxOOjn5_2214517553862-0-cib.jpg 800w, https:\/\/www.yifang-outdoors.com\/wp-content\/uploads\/2024\/03\/O1CN01aL5FLn1eOqOxOOjn5_2214517553862-0-cib-300x300.jpg 300w, https:\/\/www.yifang-outdoors.com\/wp-content\/uploads\/2024\/03\/O1CN01aL5FLn1eOqOxOOjn5_2214517553862-0-cib-150x150.jpg 150w, https:\/\/www.yifang-outdoors.com\/wp-content\/uploads\/2024\/03\/O1CN01aL5FLn1eOqOxOOjn5_2214517553862-0-cib-768x768.jpg 768w, https:\/\/www.yifang-outdoors.com\/wp-content\/uploads\/2024\/03\/O1CN01aL5FLn1eOqOxOOjn5_2214517553862-0-cib-600x600.jpg 600w, https:\/\/www.yifang-outdoors.com\/wp-content\/uploads\/2024\/03\/O1CN01aL5FLn1eOqOxOOjn5_2214517553862-0-cib-100x100.jpg 100w\" sizes=\"(max-width: 800px) 100vw, 800px\" \/> <img loading=\"lazy\" decoding=\"async\" class=\"aligncenter size-full wp-image-2448\" src=\"https:\/\/www.yifang-outdoors.com\/wp-content\/uploads\/2024\/03\/O1CN01LRmYGw1eOqOoMFDJd_2214517553862-0-cib.jpg\" alt=\"\" width=\"800\" height=\"800\" srcset=\"https:\/\/www.yifang-outdoors.com\/wp-content\/uploads\/2024\/03\/O1CN01LRmYGw1eOqOoMFDJd_2214517553862-0-cib.jpg 800w, https:\/\/www.yifang-outdoors.com\/wp-content\/uploads\/2024\/03\/O1CN01LRmYGw1eOqOoMFDJd_2214517553862-0-cib-300x300.jpg 300w, https:\/\/www.yifang-outdoors.com\/wp-content\/uploads\/2024\/03\/O1CN01LRmYGw1eOqOoMFDJd_2214517553862-0-cib-150x150.jpg 150w, https:\/\/www.yifang-outdoors.com\/wp-content\/uploads\/2024\/03\/O1CN01LRmYGw1eOqOoMFDJd_2214517553862-0-cib-768x768.jpg 768w, https:\/\/www.yifang-outdoors.com\/wp-content\/uploads\/2024\/03\/O1CN01LRmYGw1eOqOoMFDJd_2214517553862-0-cib-600x600.jpg 600w, https:\/\/www.yifang-outdoors.com\/wp-content\/uploads\/2024\/03\/O1CN01LRmYGw1eOqOoMFDJd_2214517553862-0-cib-100x100.jpg 100w\" sizes=\"(max-width: 800px) 100vw, 800px\" \/> <img loading=\"lazy\" decoding=\"async\" class=\"aligncenter size-full wp-image-2450\" src=\"https:\/\/www.yifang-outdoors.com\/wp-content\/uploads\/2024\/03\/O1CN01rCtHit1eOqOwfBXJ0_2214517553862-0-cib.jpg\" alt=\"\" width=\"800\" height=\"800\" srcset=\"https:\/\/www.yifang-outdoors.com\/wp-content\/uploads\/2024\/03\/O1CN01rCtHit1eOqOwfBXJ0_2214517553862-0-cib.jpg 800w, https:\/\/www.yifang-outdoors.com\/wp-content\/uploads\/2024\/03\/O1CN01rCtHit1eOqOwfBXJ0_2214517553862-0-cib-300x300.jpg 300w, https:\/\/www.yifang-outdoors.com\/wp-content\/uploads\/2024\/03\/O1CN01rCtHit1eOqOwfBXJ0_2214517553862-0-cib-150x150.jpg 150w, https:\/\/www.yifang-outdoors.com\/wp-content\/uploads\/2024\/03\/O1CN01rCtHit1eOqOwfBXJ0_2214517553862-0-cib-768x768.jpg 768w, https:\/\/www.yifang-outdoors.com\/wp-content\/uploads\/2024\/03\/O1CN01rCtHit1eOqOwfBXJ0_2214517553862-0-cib-600x600.jpg 600w, https:\/\/www.yifang-outdoors.com\/wp-content\/uploads\/2024\/03\/O1CN01rCtHit1eOqOwfBXJ0_2214517553862-0-cib-100x100.jpg 100w\" sizes=\"(max-width: 800px) 100vw, 800px\" \/> <img loading=\"lazy\" decoding=\"async\" class=\"aligncenter size-full wp-image-2449\" src=\"https:\/\/www.yifang-outdoors.com\/wp-content\/uploads\/2024\/03\/O1CN01N0OiJX1eOqOzPtkpj_2214517553862-0-cib.jpg\" alt=\"\" width=\"800\" height=\"800\" srcset=\"https:\/\/www.yifang-outdoors.com\/wp-content\/uploads\/2024\/03\/O1CN01N0OiJX1eOqOzPtkpj_2214517553862-0-cib.jpg 800w, https:\/\/www.yifang-outdoors.com\/wp-content\/uploads\/2024\/03\/O1CN01N0OiJX1eOqOzPtkpj_2214517553862-0-cib-300x300.jpg 300w, https:\/\/www.yifang-outdoors.com\/wp-content\/uploads\/2024\/03\/O1CN01N0OiJX1eOqOzPtkpj_2214517553862-0-cib-150x150.jpg 150w, https:\/\/www.yifang-outdoors.com\/wp-content\/uploads\/2024\/03\/O1CN01N0OiJX1eOqOzPtkpj_2214517553862-0-cib-768x768.jpg 768w, https:\/\/www.yifang-outdoors.com\/wp-content\/uploads\/2024\/03\/O1CN01N0OiJX1eOqOzPtkpj_2214517553862-0-cib-600x600.jpg 600w, https:\/\/www.yifang-outdoors.com\/wp-content\/uploads\/2024\/03\/O1CN01N0OiJX1eOqOzPtkpj_2214517553862-0-cib-100x100.jpg 100w\" sizes=\"(max-width: 800px) 100vw, 800px\" \/><\/p>\n","protected":false},"excerpt":{"rendered":"<h6><span style=\"color: #ff0000;\">Prezzi personalizzati: $15.98-$16.98<\/span><br \/>\nQuesta borsa impermeabile tattica del PVC durevole e rispettosa dell&#8217;ambiente pu\u00f2 essere utilizzata in diversi ambienti impermeabili, a prova di neve e a prova di macchia, cos\u00ec come in vari sport all&#8217;aperto come picnic in famiglia, nuoto all&#8217;aperto, pesca all&#8217;aperto, fitness ed escursioni all&#8217;aperto e ha abbastanza spazio per ospitare varie necessit\u00e0. \u00c8 un prodotto indispensabile per gli atleti outdoor, con una vasta gamma di clienti. \u00c8 uno zaino impermeabile molto popolare.<br \/>\nModello: W-200<br \/>\nOpzioni di colore: Tutti i colori Pantone<br \/>\nSelezione di dimensioni: 20 * 30 * 40 * 50 * 60L. Contattaci per personalizzare la dimensione.<br \/>\nMateriale: PVC<br \/>\n<span style=\"color: #0000ff;\">Prezzo: Una fabbrica con prezzi molto favorevoli (vi preghiamo di contattarci per preventivi specifici): tansisi521@gmail.com<\/span><br \/>\nLogo\/ODM personalizzato: supporto<br \/>\nProgettazione su misura\/OEM: Supporto<br \/>\n<span style=\"color: #0000ff;\">Quantit\u00e0 di ordine minimo: 100<\/span><br \/>\nAvete il vostro disegno, schizzo o concetto?<br \/>\n<span style=\"color: #0000ff;\">Contattaci immediatamente: tansisi521@gmail.com<\/span><br \/>\n<span style=\"color: #0000ff;\">Oppure chiama +861360260790<\/span><br \/>\nInizia a progettare il tuo zaino impermeabile personalizzato<\/h6>\n","protected":false},"featured_media":2447,"comment_status":"closed","ping_status":"closed","template":"","meta":{"_kad_post_transparent":"default","_kad_post_title":"","_kad_post_layout":"default","_kad_post_sidebar_id":"","_kad_post_content_style":"default","_kad_post_vertical_padding":"default","_kad_post_feature":"","_kad_post_feature_position":"","_kad_post_header":false,"_kad_post_footer":false},"product_cat":[16,20],"product_tag":[404,402,403],"translation":{"provider":"WPGlobus","version":"2.12.2","language":"fr","enabled_languages":["en","es","de","fr","ru"],"languages":{"en":{"title":true,"content":true,"excerpt":true},"es":{"title":false,"content":false,"excerpt":false},"de":{"title":false,"content":false,"excerpt":false},"fr":{"title":false,"content":false,"excerpt":false},"ru":{"title":false,"content":false,"excerpt":false}}},"jetpack_sharing_enabled":true,"_links":{"self":[{"href":"https:\/\/www.yifang-outdoors.com\/fr\/wp-json\/wp\/v2\/product\/2446"}],"collection":[{"href":"https:\/\/www.yifang-outdoors.com\/fr\/wp-json\/wp\/v2\/product"}],"about":[{"href":"https:\/\/www.yifang-outdoors.com\/fr\/wp-json\/wp\/v2\/types\/product"}],"replies":[{"embeddable":true,"href":"https:\/\/www.yifang-outdoors.com\/fr\/wp-json\/wp\/v2\/comments?post=2446"}],"wp:featuredmedia":[{"embeddable":true,"href":"https:\/\/www.yifang-outdoors.com\/fr\/wp-json\/wp\/v2\/media\/2447"}],"wp:attachment":[{"href":"https:\/\/www.yifang-outdoors.com\/fr\/wp-json\/wp\/v2\/media?parent=2446"}],"wp:term":[{"taxonomy":"product_cat","embeddable":true,"href":"https:\/\/www.yifang-outdoors.com\/fr\/wp-json\/wp\/v2\/product_cat?post=2446"},{"taxonomy":"product_tag","embeddable":true,"href":"https:\/\/www.yifang-outdoors.com\/fr\/wp-json\/wp\/v2\/product_tag?post=2446"}],"curies":[{"name":"wp","href":"https:\/\/api.w.org\/{rel}","templated":true}]}}