{"id":2717,"date":"2024-03-13T13:01:48","date_gmt":"2024-03-13T05:01:48","guid":{"rendered":"https:\/\/www.yifang-outdoors.com\/?post_type=product&#038;p=2717"},"modified":"2024-03-13T13:01:48","modified_gmt":"2024-03-13T05:01:48","slug":"mochila-impermeable-40-litros-mochila-antirrobo-impermeable-hombre-mochila-impermeable-de-viaje-personalizado","status":"publish","type":"product","link":"https:\/\/www.yifang-outdoors.com\/es\/product\/mochila-impermeable-40-litros-mochila-antirrobo-impermeable-hombre-mochila-impermeable-de-viaje-personalizado","title":{"rendered":"mochila impermeable 40 litros mochila antirrobo impermeable hombre  mochila impermeable de viaje Personalizado"},"content":{"rendered":"<p><img loading=\"lazy\" decoding=\"async\" class=\"aligncenter size-full wp-image-2715\" src=\"https:\/\/www.yifang-outdoors.com\/wp-content\/uploads\/2024\/03\/O1CN012Q10jg1NBhYYpvxVJ_2214324961532-0-cib.jpg\" alt=\"\" width=\"800\" height=\"800\" srcset=\"https:\/\/www.yifang-outdoors.com\/wp-content\/uploads\/2024\/03\/O1CN012Q10jg1NBhYYpvxVJ_2214324961532-0-cib.jpg 800w, https:\/\/www.yifang-outdoors.com\/wp-content\/uploads\/2024\/03\/O1CN012Q10jg1NBhYYpvxVJ_2214324961532-0-cib-300x300.jpg 300w, https:\/\/www.yifang-outdoors.com\/wp-content\/uploads\/2024\/03\/O1CN012Q10jg1NBhYYpvxVJ_2214324961532-0-cib-150x150.jpg 150w, https:\/\/www.yifang-outdoors.com\/wp-content\/uploads\/2024\/03\/O1CN012Q10jg1NBhYYpvxVJ_2214324961532-0-cib-768x768.jpg 768w, https:\/\/www.yifang-outdoors.com\/wp-content\/uploads\/2024\/03\/O1CN012Q10jg1NBhYYpvxVJ_2214324961532-0-cib-600x600.jpg 600w, https:\/\/www.yifang-outdoors.com\/wp-content\/uploads\/2024\/03\/O1CN012Q10jg1NBhYYpvxVJ_2214324961532-0-cib-100x100.jpg 100w\" sizes=\"(max-width: 800px) 100vw, 800px\" \/> <img loading=\"lazy\" decoding=\"async\" class=\"aligncenter size-full wp-image-2713\" src=\"https:\/\/www.yifang-outdoors.com\/wp-content\/uploads\/2024\/03\/O1CN01VZANvJ1NBhYTm08Yd_2214324961532-0-cib.jpg\" alt=\"\" width=\"800\" height=\"800\" srcset=\"https:\/\/www.yifang-outdoors.com\/wp-content\/uploads\/2024\/03\/O1CN01VZANvJ1NBhYTm08Yd_2214324961532-0-cib.jpg 800w, https:\/\/www.yifang-outdoors.com\/wp-content\/uploads\/2024\/03\/O1CN01VZANvJ1NBhYTm08Yd_2214324961532-0-cib-300x300.jpg 300w, https:\/\/www.yifang-outdoors.com\/wp-content\/uploads\/2024\/03\/O1CN01VZANvJ1NBhYTm08Yd_2214324961532-0-cib-150x150.jpg 150w, https:\/\/www.yifang-outdoors.com\/wp-content\/uploads\/2024\/03\/O1CN01VZANvJ1NBhYTm08Yd_2214324961532-0-cib-768x768.jpg 768w, https:\/\/www.yifang-outdoors.com\/wp-content\/uploads\/2024\/03\/O1CN01VZANvJ1NBhYTm08Yd_2214324961532-0-cib-600x600.jpg 600w, https:\/\/www.yifang-outdoors.com\/wp-content\/uploads\/2024\/03\/O1CN01VZANvJ1NBhYTm08Yd_2214324961532-0-cib-100x100.jpg 100w\" sizes=\"(max-width: 800px) 100vw, 800px\" \/> <img loading=\"lazy\" decoding=\"async\" class=\"aligncenter size-full wp-image-2714\" src=\"https:\/\/www.yifang-outdoors.com\/wp-content\/uploads\/2024\/03\/O1CN01Ydl0uM1NBhYbyHeVs_2214324961532-0-cib.jpg\" alt=\"\" width=\"800\" height=\"800\" srcset=\"https:\/\/www.yifang-outdoors.com\/wp-content\/uploads\/2024\/03\/O1CN01Ydl0uM1NBhYbyHeVs_2214324961532-0-cib.jpg 800w, https:\/\/www.yifang-outdoors.com\/wp-content\/uploads\/2024\/03\/O1CN01Ydl0uM1NBhYbyHeVs_2214324961532-0-cib-300x300.jpg 300w, https:\/\/www.yifang-outdoors.com\/wp-content\/uploads\/2024\/03\/O1CN01Ydl0uM1NBhYbyHeVs_2214324961532-0-cib-150x150.jpg 150w, https:\/\/www.yifang-outdoors.com\/wp-content\/uploads\/2024\/03\/O1CN01Ydl0uM1NBhYbyHeVs_2214324961532-0-cib-768x768.jpg 768w, https:\/\/www.yifang-outdoors.com\/wp-content\/uploads\/2024\/03\/O1CN01Ydl0uM1NBhYbyHeVs_2214324961532-0-cib-600x600.jpg 600w, https:\/\/www.yifang-outdoors.com\/wp-content\/uploads\/2024\/03\/O1CN01Ydl0uM1NBhYbyHeVs_2214324961532-0-cib-100x100.jpg 100w\" sizes=\"(max-width: 800px) 100vw, 800px\" \/> <img loading=\"lazy\" decoding=\"async\" class=\"aligncenter size-full wp-image-2716\" src=\"https:\/\/www.yifang-outdoors.com\/wp-content\/uploads\/2024\/03\/O1CN015OErev1NBhYUQOFnW_2214324961532-0-cib.jpg\" alt=\"\" width=\"400\" height=\"400\" srcset=\"https:\/\/www.yifang-outdoors.com\/wp-content\/uploads\/2024\/03\/O1CN015OErev1NBhYUQOFnW_2214324961532-0-cib.jpg 400w, https:\/\/www.yifang-outdoors.com\/wp-content\/uploads\/2024\/03\/O1CN015OErev1NBhYUQOFnW_2214324961532-0-cib-300x300.jpg 300w, https:\/\/www.yifang-outdoors.com\/wp-content\/uploads\/2024\/03\/O1CN015OErev1NBhYUQOFnW_2214324961532-0-cib-150x150.jpg 150w, https:\/\/www.yifang-outdoors.com\/wp-content\/uploads\/2024\/03\/O1CN015OErev1NBhYUQOFnW_2214324961532-0-cib-100x100.jpg 100w\" sizes=\"(max-width: 400px) 100vw, 400px\" \/> <img loading=\"lazy\" decoding=\"async\" class=\"aligncenter size-full wp-image-2712\" src=\"https:\/\/www.yifang-outdoors.com\/wp-content\/uploads\/2024\/03\/O1CN01EScBq11NBhYVOgEKk_2214324961532-0-cib.jpg\" alt=\"\" width=\"753\" height=\"755\" srcset=\"https:\/\/www.yifang-outdoors.com\/wp-content\/uploads\/2024\/03\/O1CN01EScBq11NBhYVOgEKk_2214324961532-0-cib.jpg 753w, https:\/\/www.yifang-outdoors.com\/wp-content\/uploads\/2024\/03\/O1CN01EScBq11NBhYVOgEKk_2214324961532-0-cib-300x300.jpg 300w, https:\/\/www.yifang-outdoors.com\/wp-content\/uploads\/2024\/03\/O1CN01EScBq11NBhYVOgEKk_2214324961532-0-cib-150x150.jpg 150w, https:\/\/www.yifang-outdoors.com\/wp-content\/uploads\/2024\/03\/O1CN01EScBq11NBhYVOgEKk_2214324961532-0-cib-600x602.jpg 600w, https:\/\/www.yifang-outdoors.com\/wp-content\/uploads\/2024\/03\/O1CN01EScBq11NBhYVOgEKk_2214324961532-0-cib-100x100.jpg 100w\" sizes=\"(max-width: 753px) 100vw, 753px\" \/><\/p>\n","protected":false},"excerpt":{"rendered":"<h1><span style=\"color: #ff0000;\"><strong>Customized pricing\uff1a$12.32-$14.56<\/strong><\/span><\/h1>\n<p>Esta bolsa impermeable t\u00e1ctica de PVC duradera y respetuosa con el medio ambiente se puede utilizar en diferentes entornos impermeables, a prueba de nieve y antiincrustantes, as\u00ed como en varios deportes al aire libre, como picnics familiares, nataci\u00f3n al aire libre, pesca al aire libre, Fitness y senderismo al aire libre, y tiene suficiente espacio para todo tipo de necesidades. Es un producto imprescindible para los atletas al aire libre y tiene una amplia gama de clientes. Esta es una mochila impermeable muy popular.<br \/>\nModelo: W &#8211; 233<br \/>\nOpciones de color: todos los colores Pantone<br \/>\nSelecci\u00f3n de tama\u00f1o: 5 * 10 * 15 * 20 * 30 * 40 * 50 * 60l. P\u00f3ngase en contacto con nosotros para personalizar el tama\u00f1o.<br \/>\nMaterial: PVC<br \/>\n<strong><span style=\"color: #0000ff;\">Precio: f\u00e1brica con precios muy favorables (p\u00f3ngase en contacto con nosotros para la oferta espec\u00edfica): tansisi521@gmail.com<\/span><\/strong><br \/>\nLogotipo personalizado \/ odm: soporte<br \/>\nDise\u00f1o personalizado \/ oem: soporte<br \/>\n<strong>N\u00famero m\u00ednimo de pedidos: 100<\/strong><br \/>\n\u00bf\u00bf tienes tu propio dise\u00f1o, boceto o concepto?<br \/>\n<span style=\"color: #0000ff;\">P\u00f3ngase en contacto con nosotros de inmediato: tansisi521@gmail.com<\/span><br \/>\n<span style=\"color: #0000ff;\">O llame al + 86136062600790<\/span><br \/>\nComience a dise\u00f1ar su mochila impermeable personalizada<\/p>\n","protected":false},"featured_media":2713,"comment_status":"closed","ping_status":"closed","template":"","meta":{"_kad_post_transparent":"default","_kad_post_title":"","_kad_post_layout":"default","_kad_post_sidebar_id":"","_kad_post_content_style":"default","_kad_post_vertical_padding":"default","_kad_post_feature":"","_kad_post_feature_position":"","_kad_post_header":false,"_kad_post_footer":false},"product_cat":[20],"product_tag":[547,546,548],"translation":{"provider":"WPGlobus","version":"2.12.2","language":"es","enabled_languages":["en","es","de","fr","ru"],"languages":{"en":{"title":true,"content":true,"excerpt":true},"es":{"title":false,"content":false,"excerpt":false},"de":{"title":false,"content":false,"excerpt":false},"fr":{"title":false,"content":false,"excerpt":false},"ru":{"title":false,"content":false,"excerpt":false}}},"jetpack_sharing_enabled":true,"_links":{"self":[{"href":"https:\/\/www.yifang-outdoors.com\/es\/wp-json\/wp\/v2\/product\/2717"}],"collection":[{"href":"https:\/\/www.yifang-outdoors.com\/es\/wp-json\/wp\/v2\/product"}],"about":[{"href":"https:\/\/www.yifang-outdoors.com\/es\/wp-json\/wp\/v2\/types\/product"}],"replies":[{"embeddable":true,"href":"https:\/\/www.yifang-outdoors.com\/es\/wp-json\/wp\/v2\/comments?post=2717"}],"wp:featuredmedia":[{"embeddable":true,"href":"https:\/\/www.yifang-outdoors.com\/es\/wp-json\/wp\/v2\/media\/2713"}],"wp:attachment":[{"href":"https:\/\/www.yifang-outdoors.com\/es\/wp-json\/wp\/v2\/media?parent=2717"}],"wp:term":[{"taxonomy":"product_cat","embeddable":true,"href":"https:\/\/www.yifang-outdoors.com\/es\/wp-json\/wp\/v2\/product_cat?post=2717"},{"taxonomy":"product_tag","embeddable":true,"href":"https:\/\/www.yifang-outdoors.com\/es\/wp-json\/wp\/v2\/product_tag?post=2717"}],"curies":[{"name":"wp","href":"https:\/\/api.w.org\/{rel}","templated":true}]}}