{"id":2444,"date":"2024-03-05T19:02:48","date_gmt":"2024-03-05T11:02:48","guid":{"rendered":"https:\/\/www.yifang-outdoors.com\/?post_type=product&#038;p=2444"},"modified":"2024-03-05T19:03:13","modified_gmt":"2024-03-05T11:03:13","slug":"zaino-impermeabile-zaino-uomo-lavoro-impermeabile-zaino-sacca-impermeabile","status":"publish","type":"product","link":"https:\/\/www.yifang-outdoors.com\/es\/product\/zaino-impermeabile-zaino-uomo-lavoro-impermeabile-zaino-sacca-impermeabile","title":{"rendered":"zaino impermeabile zaino uomo lavoro impermeabile zaino sacca impermeabile"},"content":{"rendered":"<p><img loading=\"lazy\" decoding=\"async\" class=\"aligncenter size-full wp-image-2443\" src=\"https:\/\/www.yifang-outdoors.com\/wp-content\/uploads\/2024\/03\/O1CN01rdld6n1eOqOvPcDle_2214517553862-0-cib.jpg\" alt=\"\" width=\"800\" height=\"800\" srcset=\"https:\/\/www.yifang-outdoors.com\/wp-content\/uploads\/2024\/03\/O1CN01rdld6n1eOqOvPcDle_2214517553862-0-cib.jpg 800w, https:\/\/www.yifang-outdoors.com\/wp-content\/uploads\/2024\/03\/O1CN01rdld6n1eOqOvPcDle_2214517553862-0-cib-300x300.jpg 300w, https:\/\/www.yifang-outdoors.com\/wp-content\/uploads\/2024\/03\/O1CN01rdld6n1eOqOvPcDle_2214517553862-0-cib-150x150.jpg 150w, https:\/\/www.yifang-outdoors.com\/wp-content\/uploads\/2024\/03\/O1CN01rdld6n1eOqOvPcDle_2214517553862-0-cib-768x768.jpg 768w, https:\/\/www.yifang-outdoors.com\/wp-content\/uploads\/2024\/03\/O1CN01rdld6n1eOqOvPcDle_2214517553862-0-cib-600x600.jpg 600w, https:\/\/www.yifang-outdoors.com\/wp-content\/uploads\/2024\/03\/O1CN01rdld6n1eOqOvPcDle_2214517553862-0-cib-100x100.jpg 100w\" sizes=\"(max-width: 800px) 100vw, 800px\" \/> <img loading=\"lazy\" decoding=\"async\" class=\"aligncenter size-full wp-image-2441\" src=\"https:\/\/www.yifang-outdoors.com\/wp-content\/uploads\/2024\/03\/1-8.jpg\" alt=\"\" width=\"900\" height=\"900\" srcset=\"https:\/\/www.yifang-outdoors.com\/wp-content\/uploads\/2024\/03\/1-8.jpg 900w, https:\/\/www.yifang-outdoors.com\/wp-content\/uploads\/2024\/03\/1-8-300x300.jpg 300w, https:\/\/www.yifang-outdoors.com\/wp-content\/uploads\/2024\/03\/1-8-150x150.jpg 150w, https:\/\/www.yifang-outdoors.com\/wp-content\/uploads\/2024\/03\/1-8-768x768.jpg 768w, https:\/\/www.yifang-outdoors.com\/wp-content\/uploads\/2024\/03\/1-8-600x600.jpg 600w, https:\/\/www.yifang-outdoors.com\/wp-content\/uploads\/2024\/03\/1-8-100x100.jpg 100w\" sizes=\"(max-width: 900px) 100vw, 900px\" \/> <img loading=\"lazy\" decoding=\"async\" class=\"aligncenter size-full wp-image-2442\" src=\"https:\/\/www.yifang-outdoors.com\/wp-content\/uploads\/2024\/03\/O1CN01oL8Ka21eOqOs9XzW6_2214517553862-0-cib.jpg\" alt=\"\" width=\"800\" height=\"800\" srcset=\"https:\/\/www.yifang-outdoors.com\/wp-content\/uploads\/2024\/03\/O1CN01oL8Ka21eOqOs9XzW6_2214517553862-0-cib.jpg 800w, https:\/\/www.yifang-outdoors.com\/wp-content\/uploads\/2024\/03\/O1CN01oL8Ka21eOqOs9XzW6_2214517553862-0-cib-300x300.jpg 300w, https:\/\/www.yifang-outdoors.com\/wp-content\/uploads\/2024\/03\/O1CN01oL8Ka21eOqOs9XzW6_2214517553862-0-cib-150x150.jpg 150w, https:\/\/www.yifang-outdoors.com\/wp-content\/uploads\/2024\/03\/O1CN01oL8Ka21eOqOs9XzW6_2214517553862-0-cib-768x768.jpg 768w, https:\/\/www.yifang-outdoors.com\/wp-content\/uploads\/2024\/03\/O1CN01oL8Ka21eOqOs9XzW6_2214517553862-0-cib-600x600.jpg 600w, https:\/\/www.yifang-outdoors.com\/wp-content\/uploads\/2024\/03\/O1CN01oL8Ka21eOqOs9XzW6_2214517553862-0-cib-100x100.jpg 100w\" sizes=\"(max-width: 800px) 100vw, 800px\" \/> <img loading=\"lazy\" decoding=\"async\" class=\"aligncenter size-full wp-image-2445\" src=\"https:\/\/www.yifang-outdoors.com\/wp-content\/uploads\/2024\/03\/O1CN012DzVLl1eOqP018AI8_2214517553862-0-cib.jpg\" alt=\"\" width=\"800\" height=\"800\" srcset=\"https:\/\/www.yifang-outdoors.com\/wp-content\/uploads\/2024\/03\/O1CN012DzVLl1eOqP018AI8_2214517553862-0-cib.jpg 800w, https:\/\/www.yifang-outdoors.com\/wp-content\/uploads\/2024\/03\/O1CN012DzVLl1eOqP018AI8_2214517553862-0-cib-300x300.jpg 300w, https:\/\/www.yifang-outdoors.com\/wp-content\/uploads\/2024\/03\/O1CN012DzVLl1eOqP018AI8_2214517553862-0-cib-150x150.jpg 150w, https:\/\/www.yifang-outdoors.com\/wp-content\/uploads\/2024\/03\/O1CN012DzVLl1eOqP018AI8_2214517553862-0-cib-768x768.jpg 768w, https:\/\/www.yifang-outdoors.com\/wp-content\/uploads\/2024\/03\/O1CN012DzVLl1eOqP018AI8_2214517553862-0-cib-600x600.jpg 600w, https:\/\/www.yifang-outdoors.com\/wp-content\/uploads\/2024\/03\/O1CN012DzVLl1eOqP018AI8_2214517553862-0-cib-100x100.jpg 100w\" sizes=\"(max-width: 800px) 100vw, 800px\" \/><\/p>\n","protected":false},"excerpt":{"rendered":"<h1><span style=\"color: #ff0000;\"><strong>Prezzi personalizzati: $10.36-$12.65<\/strong><\/span><\/h1>\n<p>Questa borsa impermeabile tattica del PVC durevole e rispettosa dell&#8217;ambiente pu\u00f2 essere utilizzata in diversi ambienti impermeabili, a prova di neve e a prova di macchia, cos\u00ec come in vari sport all&#8217;aperto come picnic in famiglia, nuoto all&#8217;aperto, pesca all&#8217;aperto, fitness ed escursioni all&#8217;aperto e ha abbastanza spazio per ospitare varie necessit\u00e0. \u00c8 un prodotto indispensabile per gli atleti outdoor, con una vasta gamma di clienti. \u00c8 uno zaino impermeabile molto popolare.<br \/>\nModello: W-199<br \/>\nOpzioni di colore: Tutti i colori Pantone<br \/>\nSelezione di dimensioni: 20 * 30 * 40 * 50 * 60L. Contattaci per personalizzare la dimensione.<br \/>\nMateriale: PVC<br \/>\nPrezzo: Una fabbrica con prezzi molto favorevoli (vi preghiamo di contattarci per preventivi specifici): tansisi521@gmail.com<br \/>\nLogo\/ODM personalizzato: supporto<br \/>\nProgettazione su misura\/OEM: Supporto<br \/>\n<span style=\"color: #0000ff;\">Quantit\u00e0 di ordine minimo: 100<\/span><br \/>\nAvete il vostro disegno, schizzo o concetto?<br \/>\n<span style=\"color: #0000ff;\">Contattaci immediatamente: tansisi521@gmail.com<\/span><br \/>\n<span style=\"color: #0000ff;\">Oppure chiama +861360260790<\/span><br \/>\nInizia a progettare il tuo zaino impermeabile personalizzato<\/p>\n","protected":false},"featured_media":2441,"comment_status":"closed","ping_status":"closed","template":"","meta":{"_kad_post_transparent":"default","_kad_post_title":"","_kad_post_layout":"default","_kad_post_sidebar_id":"","_kad_post_content_style":"default","_kad_post_vertical_padding":"default","_kad_post_feature":"","_kad_post_feature_position":"","_kad_post_header":false,"_kad_post_footer":false},"product_cat":[16,20],"product_tag":[399,401,400],"translation":{"provider":"WPGlobus","version":"2.12.2","language":"es","enabled_languages":["en","es","de","fr","ru"],"languages":{"en":{"title":true,"content":true,"excerpt":true},"es":{"title":false,"content":false,"excerpt":false},"de":{"title":false,"content":false,"excerpt":false},"fr":{"title":false,"content":false,"excerpt":false},"ru":{"title":false,"content":false,"excerpt":false}}},"jetpack_sharing_enabled":true,"_links":{"self":[{"href":"https:\/\/www.yifang-outdoors.com\/es\/wp-json\/wp\/v2\/product\/2444"}],"collection":[{"href":"https:\/\/www.yifang-outdoors.com\/es\/wp-json\/wp\/v2\/product"}],"about":[{"href":"https:\/\/www.yifang-outdoors.com\/es\/wp-json\/wp\/v2\/types\/product"}],"replies":[{"embeddable":true,"href":"https:\/\/www.yifang-outdoors.com\/es\/wp-json\/wp\/v2\/comments?post=2444"}],"wp:featuredmedia":[{"embeddable":true,"href":"https:\/\/www.yifang-outdoors.com\/es\/wp-json\/wp\/v2\/media\/2441"}],"wp:attachment":[{"href":"https:\/\/www.yifang-outdoors.com\/es\/wp-json\/wp\/v2\/media?parent=2444"}],"wp:term":[{"taxonomy":"product_cat","embeddable":true,"href":"https:\/\/www.yifang-outdoors.com\/es\/wp-json\/wp\/v2\/product_cat?post=2444"},{"taxonomy":"product_tag","embeddable":true,"href":"https:\/\/www.yifang-outdoors.com\/es\/wp-json\/wp\/v2\/product_tag?post=2444"}],"curies":[{"name":"wp","href":"https:\/\/api.w.org\/{rel}","templated":true}]}}