{"id":4272,"date":"2024-08-09T17:44:12","date_gmt":"2024-08-09T09:44:12","guid":{"rendered":"https:\/\/www.yifang-outdoors.com\/?post_type=product&#038;p=4272"},"modified":"2024-08-09T17:44:13","modified_gmt":"2024-08-09T09:44:13","slug":"waterproof-motorcycle-bag-motorcycle-tail-bag-waterproof-custom-logo-waterproof-sport-fitness-backpack","status":"publish","type":"product","link":"https:\/\/www.yifang-outdoors.com\/de\/product\/waterproof-motorcycle-bag-motorcycle-tail-bag-waterproof-custom-logo-waterproof-sport-fitness-backpack","title":{"rendered":"waterproof motorcycle bag motorcycle tail bag waterproof custom logo waterproof sport fitness backpack"},"content":{"rendered":"<p><img loading=\"lazy\" decoding=\"async\" class=\"aligncenter size-full wp-image-4274\" src=\"https:\/\/www.yifang-outdoors.com\/wp-content\/uploads\/2024\/08\/O1CN01ltgIxg2Hr1xgjobqL_2218029949203-0-cib.jpg\" alt=\"\" width=\"1200\" height=\"1200\" srcset=\"https:\/\/www.yifang-outdoors.com\/wp-content\/uploads\/2024\/08\/O1CN01ltgIxg2Hr1xgjobqL_2218029949203-0-cib.jpg 1200w, https:\/\/www.yifang-outdoors.com\/wp-content\/uploads\/2024\/08\/O1CN01ltgIxg2Hr1xgjobqL_2218029949203-0-cib-300x300.jpg 300w, https:\/\/www.yifang-outdoors.com\/wp-content\/uploads\/2024\/08\/O1CN01ltgIxg2Hr1xgjobqL_2218029949203-0-cib-1024x1024.jpg 1024w, https:\/\/www.yifang-outdoors.com\/wp-content\/uploads\/2024\/08\/O1CN01ltgIxg2Hr1xgjobqL_2218029949203-0-cib-150x150.jpg 150w, https:\/\/www.yifang-outdoors.com\/wp-content\/uploads\/2024\/08\/O1CN01ltgIxg2Hr1xgjobqL_2218029949203-0-cib-768x768.jpg 768w, https:\/\/www.yifang-outdoors.com\/wp-content\/uploads\/2024\/08\/O1CN01ltgIxg2Hr1xgjobqL_2218029949203-0-cib-600x600.jpg 600w, https:\/\/www.yifang-outdoors.com\/wp-content\/uploads\/2024\/08\/O1CN01ltgIxg2Hr1xgjobqL_2218029949203-0-cib-100x100.jpg 100w\" sizes=\"(max-width: 1200px) 100vw, 1200px\" \/> <img loading=\"lazy\" decoding=\"async\" class=\"aligncenter size-full wp-image-4275\" src=\"https:\/\/www.yifang-outdoors.com\/wp-content\/uploads\/2024\/08\/O1CN01wiNUDT2Hr1xlLuco7_2218029949203-0-cib.jpg\" alt=\"\" width=\"1200\" height=\"1200\" srcset=\"https:\/\/www.yifang-outdoors.com\/wp-content\/uploads\/2024\/08\/O1CN01wiNUDT2Hr1xlLuco7_2218029949203-0-cib.jpg 1200w, https:\/\/www.yifang-outdoors.com\/wp-content\/uploads\/2024\/08\/O1CN01wiNUDT2Hr1xlLuco7_2218029949203-0-cib-300x300.jpg 300w, https:\/\/www.yifang-outdoors.com\/wp-content\/uploads\/2024\/08\/O1CN01wiNUDT2Hr1xlLuco7_2218029949203-0-cib-1024x1024.jpg 1024w, https:\/\/www.yifang-outdoors.com\/wp-content\/uploads\/2024\/08\/O1CN01wiNUDT2Hr1xlLuco7_2218029949203-0-cib-150x150.jpg 150w, https:\/\/www.yifang-outdoors.com\/wp-content\/uploads\/2024\/08\/O1CN01wiNUDT2Hr1xlLuco7_2218029949203-0-cib-768x768.jpg 768w, https:\/\/www.yifang-outdoors.com\/wp-content\/uploads\/2024\/08\/O1CN01wiNUDT2Hr1xlLuco7_2218029949203-0-cib-600x600.jpg 600w, https:\/\/www.yifang-outdoors.com\/wp-content\/uploads\/2024\/08\/O1CN01wiNUDT2Hr1xlLuco7_2218029949203-0-cib-100x100.jpg 100w\" sizes=\"(max-width: 1200px) 100vw, 1200px\" \/> <img loading=\"lazy\" decoding=\"async\" class=\"aligncenter size-full wp-image-4276\" src=\"https:\/\/www.yifang-outdoors.com\/wp-content\/uploads\/2024\/08\/O1CN0175imIP2Hr1xcCNi0j_2218029949203-0-cib-1.jpg\" alt=\"\" width=\"1200\" height=\"1200\" srcset=\"https:\/\/www.yifang-outdoors.com\/wp-content\/uploads\/2024\/08\/O1CN0175imIP2Hr1xcCNi0j_2218029949203-0-cib-1.jpg 1200w, https:\/\/www.yifang-outdoors.com\/wp-content\/uploads\/2024\/08\/O1CN0175imIP2Hr1xcCNi0j_2218029949203-0-cib-1-300x300.jpg 300w, https:\/\/www.yifang-outdoors.com\/wp-content\/uploads\/2024\/08\/O1CN0175imIP2Hr1xcCNi0j_2218029949203-0-cib-1-1024x1024.jpg 1024w, https:\/\/www.yifang-outdoors.com\/wp-content\/uploads\/2024\/08\/O1CN0175imIP2Hr1xcCNi0j_2218029949203-0-cib-1-150x150.jpg 150w, https:\/\/www.yifang-outdoors.com\/wp-content\/uploads\/2024\/08\/O1CN0175imIP2Hr1xcCNi0j_2218029949203-0-cib-1-768x768.jpg 768w, https:\/\/www.yifang-outdoors.com\/wp-content\/uploads\/2024\/08\/O1CN0175imIP2Hr1xcCNi0j_2218029949203-0-cib-1-600x600.jpg 600w, https:\/\/www.yifang-outdoors.com\/wp-content\/uploads\/2024\/08\/O1CN0175imIP2Hr1xcCNi0j_2218029949203-0-cib-1-100x100.jpg 100w\" sizes=\"(max-width: 1200px) 100vw, 1200px\" \/> <img loading=\"lazy\" decoding=\"async\" class=\"aligncenter size-full wp-image-4277\" src=\"https:\/\/www.yifang-outdoors.com\/wp-content\/uploads\/2024\/08\/O1CN0175imIP2Hr1xcCNi0j_2218029949203-0-cib.jpg\" alt=\"\" width=\"1200\" height=\"1200\" srcset=\"https:\/\/www.yifang-outdoors.com\/wp-content\/uploads\/2024\/08\/O1CN0175imIP2Hr1xcCNi0j_2218029949203-0-cib.jpg 1200w, https:\/\/www.yifang-outdoors.com\/wp-content\/uploads\/2024\/08\/O1CN0175imIP2Hr1xcCNi0j_2218029949203-0-cib-300x300.jpg 300w, https:\/\/www.yifang-outdoors.com\/wp-content\/uploads\/2024\/08\/O1CN0175imIP2Hr1xcCNi0j_2218029949203-0-cib-1024x1024.jpg 1024w, https:\/\/www.yifang-outdoors.com\/wp-content\/uploads\/2024\/08\/O1CN0175imIP2Hr1xcCNi0j_2218029949203-0-cib-150x150.jpg 150w, https:\/\/www.yifang-outdoors.com\/wp-content\/uploads\/2024\/08\/O1CN0175imIP2Hr1xcCNi0j_2218029949203-0-cib-768x768.jpg 768w, https:\/\/www.yifang-outdoors.com\/wp-content\/uploads\/2024\/08\/O1CN0175imIP2Hr1xcCNi0j_2218029949203-0-cib-600x600.jpg 600w, https:\/\/www.yifang-outdoors.com\/wp-content\/uploads\/2024\/08\/O1CN0175imIP2Hr1xcCNi0j_2218029949203-0-cib-100x100.jpg 100w\" sizes=\"(max-width: 1200px) 100vw, 1200px\" \/><\/p>\n","protected":false},"excerpt":{"rendered":"<h1><span style=\"color: #ff0000;\"><strong>Customized pricing\uff1a$19.2-$20.65<\/strong><\/span><\/h1>\n<p>Esta silla de montar de bicicleta resistente al agua de PVC duradera y respetuosa con el medio ambiente se puede utilizar en diferentes entornos impermeables, resistentes a la nieve y contaminantes, as\u00ed como en varios deportes al aire libre, como bicicletas, y tiene suficiente espacio para todo tipo de necesidades. Es un producto imprescindible para los amantes de los deportes al aire libre y tiene una amplia base de clientes. Esta es una silla de montar de bicicleta impermeable muy popular.<br \/>\nModelo: W \u2013 358<br \/>\nOpciones de color: todos los colores Pantone<br \/>\nSelecci\u00f3n de tama\u00f1o: 30 * 40 * 50 * 60l. P\u00f3ngase en contacto con nosotros para personalizar el tama\u00f1o.<br \/>\nMaterial: PVC<br \/>\nPrecio: f\u00e1brica con precios muy favorables (p\u00f3ngase en contacto con nosotros para la oferta espec\u00edfica): tansisi521@gmail.com<br \/>\nLogotipo personalizado \/ odm: soporte<br \/>\nDise\u00f1o personalizado \/ oem: soporte<br \/>\n<span style=\"color: #0000ff;\"><strong>N\u00famero m\u00ednimo de pedidos: 100<\/strong><\/span><br \/>\n\u00bf\u00bf tienes tu propio dise\u00f1o, boceto o concepto?<br \/>\n<span style=\"color: #0000ff;\">P\u00f3ngase en contacto con nosotros de inmediato: tansisi521@gmail.com<\/span><br \/>\n<span style=\"color: #0000ff;\">O llame al + 86136062600790<\/span><br \/>\nComience a dise\u00f1ar su bolsa de silla de montar de bicicleta impermeable personalizada<\/p>\n","protected":false},"featured_media":4275,"comment_status":"closed","ping_status":"closed","template":"","meta":{"_kad_post_transparent":"default","_kad_post_title":"","_kad_post_layout":"default","_kad_post_sidebar_id":"","_kad_post_content_style":"default","_kad_post_vertical_padding":"default","_kad_post_feature":"","_kad_post_feature_position":"","_kad_post_header":false,"_kad_post_footer":false},"product_cat":[16],"product_tag":[353],"translation":{"provider":"WPGlobus","version":"2.12.2","language":"de","enabled_languages":["en","es","de","fr","ru"],"languages":{"en":{"title":true,"content":true,"excerpt":true},"es":{"title":false,"content":false,"excerpt":false},"de":{"title":false,"content":false,"excerpt":false},"fr":{"title":false,"content":false,"excerpt":false},"ru":{"title":false,"content":false,"excerpt":false}}},"jetpack_sharing_enabled":true,"_links":{"self":[{"href":"https:\/\/www.yifang-outdoors.com\/de\/wp-json\/wp\/v2\/product\/4272"}],"collection":[{"href":"https:\/\/www.yifang-outdoors.com\/de\/wp-json\/wp\/v2\/product"}],"about":[{"href":"https:\/\/www.yifang-outdoors.com\/de\/wp-json\/wp\/v2\/types\/product"}],"replies":[{"embeddable":true,"href":"https:\/\/www.yifang-outdoors.com\/de\/wp-json\/wp\/v2\/comments?post=4272"}],"wp:featuredmedia":[{"embeddable":true,"href":"https:\/\/www.yifang-outdoors.com\/de\/wp-json\/wp\/v2\/media\/4275"}],"wp:attachment":[{"href":"https:\/\/www.yifang-outdoors.com\/de\/wp-json\/wp\/v2\/media?parent=4272"}],"wp:term":[{"taxonomy":"product_cat","embeddable":true,"href":"https:\/\/www.yifang-outdoors.com\/de\/wp-json\/wp\/v2\/product_cat?post=4272"},{"taxonomy":"product_tag","embeddable":true,"href":"https:\/\/www.yifang-outdoors.com\/de\/wp-json\/wp\/v2\/product_tag?post=4272"}],"curies":[{"name":"wp","href":"https:\/\/api.w.org\/{rel}","templated":true}]}}